{"id":1420,"date":"2024-05-07T09:30:09","date_gmt":"2024-05-07T07:30:09","guid":{"rendered":"https:\/\/sanas-legal.de\/legal-notice\/"},"modified":"2026-02-28T12:27:41","modified_gmt":"2026-02-28T11:27:41","slug":"legal-notice","status":"publish","type":"page","link":"https:\/\/sanas-legal.de\/en\/legal-notice\/","title":{"rendered":"Legal Notice"},"content":{"rendered":"<div class=\"wpb-content-wrapper\"><p>[vc_row wrap_container=&#8221;yes&#8221; animation_delay=&#8221;200&#8243; animation_type=&#8221;fadeInUp&#8221; conditional_render=&#8221;%5B%7B%22value_role%22%3A%22administrator%22%7D%5D&#8221;][vc_column][vc_empty_space][vc_custom_heading text=&#8221;Legal Notice&#8221; font_container=&#8221;tag:h2|font_size:2.75em|text_align:left|line_height:42px&#8221; use_theme_fonts=&#8221;yes&#8221; text_transform=&#8221;text-capitalize&#8221; font_weight=&#8221;700&#8243; el_class=&#8221;pb-2 mb-4&#8243;][vc_column_text]<\/p>\n<h4>Information according to \u00a75 TMG<\/span><\/h2>\n<h3>Provider:<\/span><\/h3>\n<p>SANAS Rechtsanw\u00e4lte GbR<\/p>\n<p>Authorized partners:<br \/>Dr. Temel Nal (Attorney at Law), Serdal Altuntas (Attorney at Law),<br \/>\u00d6zg\u00fcr Aktas (Attorney at Law)<\/p>\n<p>Goethestrasse 17<br \/>80336 Munich<\/p>\n<p>Telephone: 089 \/ 189 313 40<br \/>Fax: 089 \/ 189 313 49<\/p>\n<p>Email: <a href=\"mailto:info@sanas-legal.de\">info@sanas-legal.de<\/a> This email address is protected from spambots by JavaScript! JavaScript must be enabled!<\/p>\n<p>The professional title &#8220;Rechtsanwalt&#8221; (Attorney at Law) was awarded in the<br \/>Federal Republic of Germany.<\/p>\n<h3>Competent Bar Association:<\/h3>\n<p><a href=\"http:\/\/www.rechtsanwaltskammer-muenchen.de\/\">Munich Higher Regional Court Bar Association (Rechtsanwaltskammer f\u00fcr den OLG-Bezirk M\u00fcnchen) \u00bb<\/a><\/p>\n<p>Tal 33<br \/>80331 Munich<\/p>\n<h3>Professional Regulations:<\/h3>\n<p>Federal Lawyers&#8217; Act (BRAO)<br \/>Rules of Professional Practice (BORA)<br \/>Regulations for Specialist Attorneys (FAO)<br \/>Law on the Remuneration of Attorneys (RVG)<br \/>The aforementioned regulations can be viewed on the internet at the<br \/><a href=\"http:\/\/www.brak.de\/seiten\/06.php\">website of the Federal Bar Association (www.brak.de) \u00bb<\/a><br \/>.<\/p>\n<h3>DL-InfoV<\/h3>\n<p>As attorneys, we are required under \u00a7 51 BRAO to maintain professional liability insurance with a minimum coverage amount of \u20ac250,000.00. We will be pleased to provide the necessary information in this regard upon request.<\/p>\n<h3>Copyright:<\/span><\/h3>\n<p>All content on this site is protected by copyright.<br \/>Any use, reproduction, or distribution of individual content or entire pages not expressly permitted by copyright law will be prosecuted under both civil and criminal law.<\/p>\n<h3>Website Design &amp; Programming:<\/h3>\n<p><a href=\"http:\/\/www.desident.de\/de\/\" target=\"_blank\" rel=\"noopener\">desident<\/a><\/p>\n<h3>Photos:<\/h3>\n<p>Photogenika<br \/>Tina Rieger<br \/>Guldeinstrasse 28<br \/>80339 Munich[\/vc_column_text][\/vc_column][\/vc_row]<\/p>\n<\/div>","protected":false},"excerpt":{"rendered":"<p>[vc_row wrap_container=&#8221;yes&#8221; animation_delay=&#8221;200&#8243; animation_type=&#8221;fadeInUp&#8221; conditional_render=&#8221;%5B%7B%22value_role%22%3A%22administrator%22%7D%5D&#8221;][vc_column][vc_empty_space][vc_custom_heading text=&#8221;Legal Notice&#8221; font_container=&#8221;tag:h2|font_size:2.75em|text_align:left|line_height:42px&#8221; use_theme_fonts=&#8221;yes&#8221; text_transform=&#8221;text-capitalize&#8221; font_weight=&#8221;700&#8243; el_class=&#8221;pb-2 mb-4&#8243;][vc_column_text] Information according to \u00a75 TMG Provider: SANAS Rechtsanw\u00e4lte GbR Authorized partners:Dr. Temel Nal (Attorney at Law), Serdal Altuntas (Attorney at Law),\u00d6zg\u00fcr Aktas (Attorney at Law) Goethestrasse 1780336 Munich Telephone: 089 \/ 189 313 40Fax: 089 \/ 189 313 49 Email: info@sanas-legal.de This [&hellip;]<\/p>\n","protected":false},"author":1,"featured_media":0,"parent":0,"menu_order":0,"comment_status":"closed","ping_status":"closed","template":"","meta":{"_acf_changed":false,"footnotes":""},"class_list":["post-1420","page","type-page","status-publish","hentry"],"acf":[],"_links":{"self":[{"href":"https:\/\/sanas-legal.de\/en\/wp-json\/wp\/v2\/pages\/1420","targetHints":{"allow":["GET"]}}],"collection":[{"href":"https:\/\/sanas-legal.de\/en\/wp-json\/wp\/v2\/pages"}],"about":[{"href":"https:\/\/sanas-legal.de\/en\/wp-json\/wp\/v2\/types\/page"}],"author":[{"embeddable":true,"href":"https:\/\/sanas-legal.de\/en\/wp-json\/wp\/v2\/users\/1"}],"replies":[{"embeddable":true,"href":"https:\/\/sanas-legal.de\/en\/wp-json\/wp\/v2\/comments?post=1420"}],"version-history":[{"count":1,"href":"https:\/\/sanas-legal.de\/en\/wp-json\/wp\/v2\/pages\/1420\/revisions"}],"predecessor-version":[{"id":1422,"href":"https:\/\/sanas-legal.de\/en\/wp-json\/wp\/v2\/pages\/1420\/revisions\/1422"}],"wp:attachment":[{"href":"https:\/\/sanas-legal.de\/en\/wp-json\/wp\/v2\/media?parent=1420"}],"curies":[{"name":"wp","href":"https:\/\/api.w.org\/{rel}","templated":true}]}}