{"id":1258,"date":"2024-07-11T21:00:37","date_gmt":"2024-07-11T19:00:37","guid":{"rendered":"https:\/\/sanas-legal.de\/medya-kuetuephanesi\/"},"modified":"2026-02-28T12:22:33","modified_gmt":"2026-02-28T11:22:33","slug":"medya-kuetuephanesi","status":"publish","type":"page","link":"https:\/\/sanas-legal.de\/tr\/medya-kuetuephanesi\/","title":{"rendered":"Medya k\u00fct\u00fcphanesi"},"content":{"rendered":"<div class=\"wpb-content-wrapper\"><p>[vc_row wrap_container=&#8221;yes&#8221; conditional_render=&#8221;%5B%7B%22value_role%22%3A%22administrator%22%7D%5D&#8221;][vc_column][vc_empty_space height=&#8221;60px&#8221;][\/vc_column][\/vc_row][vc_row wrap_container=&#8221;yes&#8221; conditional_render=&#8221;%5B%7B%22value_role%22%3A%22administrator%22%7D%5D&#8221;][vc_column width=&#8221;1\/2&#8243;][vc_accordion active_tab=&#8221;1&#8243; type=&#8221;panel-modern&#8221;][vc_accordion_tab title=&#8221;Yurt d\u0131\u015f\u0131 olma sorunlar\u0131&#8221;][vc_video link=&#8221;https:\/\/www.youtube.com\/watch?v=sZbipF4emJQ&#8221; css=&#8221;&#8221;][\/vc_accordion_tab][vc_accordion_tab title=&#8221;Uzun s\u00fcre yurt d\u0131\u015f\u0131nda kalmak&#8221;][vc_video link=&#8221;https:\/\/www.youtube.com\/watch?v=LyjEmo4lBqM&#8221; css=&#8221;&#8221;][\/vc_accordion_tab][vc_accordion_tab title=&#8221;E\u015f birle\u015fiminde dikkat edilecek \u00f6zel durumlar!&#8221;][vc_video link=&#8221;https:\/\/www.youtube.com\/watch?v=a2bRmw2t-Do&#8221; css=&#8221;&#8221;][\/vc_accordion_tab][vc_accordion_tab title=&#8221;Oturum izni ile ilgili \u00f6denecek har\u00e7lar&#8221;][vc_video link=&#8221;https:\/\/www.youtube.com\/watch?v=7R48AzR8GnY&#8221; css=&#8221;&#8221;][\/vc_accordion_tab][vc_accordion_tab title=&#8221;T\u00fcrkler i\u00e7in aile birle\u015fiminden sonra asgari evlilik s\u00fcresi&#8221;][vc_video link=&#8221;https:\/\/www.youtube.com\/watch?v=krqWp4W6BE8&#8243; css=&#8221;&#8221;][\/vc_accordion_tab][\/vc_accordion][\/vc_column][vc_column width=&#8221;1\/2&#8243;][vc_accordion active_tab=&#8221;1&#8243; type=&#8221;panel-modern&#8221;][vc_accordion_tab title=&#8221;Oturum ve \u00e7al\u0131\u015fma haklar\u0131&#8221;][vc_video link=&#8221;https:\/\/www.youtube.com\/watch?v=0PhEUVNoE0M&#8221; css=&#8221;&#8221;][\/vc_accordion_tab][vc_accordion_tab title=&#8221;Aile birle\u015fimi &#8211; \u00e7ocuklar\u0131n durumu&#8221;][vc_video link=&#8221;https:\/\/www.youtube.com\/watch?v=j78smVWywI0&#8243; css=&#8221;&#8221;][\/vc_accordion_tab][vc_accordion_tab title=&#8221;A\u0130LE B\u0130RLE\u015e\u0130M\u0130NDE ALMANCA \u015eARTI SONA ERD\u0130.&#8221;][vc_video link=&#8221;https:\/\/www.youtube.com\/watch?v=EfMQ26ri-Wk&#8221; css=&#8221;&#8221;][\/vc_accordion_tab][vc_accordion_tab title=&#8221;T\u00fcrklere Avrupa hukuku uyar\u0131nca s\u00fcresiz oturum hakk\u0131&#8221;][vc_video link=&#8221;https:\/\/www.youtube.com\/watch?v=oP2Q6SbXdj0&#8243; css=&#8221;&#8221;][\/vc_accordion_tab][vc_accordion_tab title=&#8221;SANAS RECHTSANW\u00c4LTE hukuk bilgileri&#8221;][vc_video link=&#8221;https:\/\/www.youtube.com\/watch?v=EzyvrILrCyQ&#8221; css=&#8221;&#8221;][\/vc_accordion_tab][\/vc_accordion][\/vc_column][\/vc_row][vc_row][vc_column][vc_empty_space height=&#8221;60px&#8221;][\/vc_column][\/vc_row]<\/p>\n<\/div>","protected":false},"excerpt":{"rendered":"<p>[vc_row wrap_container=&#8221;yes&#8221; conditional_render=&#8221;%5B%7B%22value_role%22%3A%22administrator%22%7D%5D&#8221;][vc_column][vc_empty_space height=&#8221;60px&#8221;][\/vc_column][\/vc_row][vc_row wrap_container=&#8221;yes&#8221; conditional_render=&#8221;%5B%7B%22value_role%22%3A%22administrator%22%7D%5D&#8221;][vc_column width=&#8221;1\/2&#8243;][vc_accordion active_tab=&#8221;1&#8243; type=&#8221;panel-modern&#8221;][vc_accordion_tab title=&#8221;Yurt d\u0131\u015f\u0131 olma sorunlar\u0131&#8221;][vc_video link=&#8221;https:\/\/www.youtube.com\/watch?v=sZbipF4emJQ&#8221; css=&#8221;&#8221;][\/vc_accordion_tab][vc_accordion_tab title=&#8221;Uzun s\u00fcre yurt d\u0131\u015f\u0131nda kalmak&#8221;][vc_video link=&#8221;https:\/\/www.youtube.com\/watch?v=LyjEmo4lBqM&#8221; css=&#8221;&#8221;][\/vc_accordion_tab][vc_accordion_tab title=&#8221;E\u015f birle\u015fiminde dikkat edilecek \u00f6zel durumlar!&#8221;][vc_video link=&#8221;https:\/\/www.youtube.com\/watch?v=a2bRmw2t-Do&#8221; css=&#8221;&#8221;][\/vc_accordion_tab][vc_accordion_tab title=&#8221;Oturum izni ile ilgili \u00f6denecek har\u00e7lar&#8221;][vc_video link=&#8221;https:\/\/www.youtube.com\/watch?v=7R48AzR8GnY&#8221; css=&#8221;&#8221;][\/vc_accordion_tab][vc_accordion_tab title=&#8221;T\u00fcrkler i\u00e7in aile birle\u015fiminden sonra asgari evlilik s\u00fcresi&#8221;][vc_video link=&#8221;https:\/\/www.youtube.com\/watch?v=krqWp4W6BE8&#8243; css=&#8221;&#8221;][\/vc_accordion_tab][\/vc_accordion][\/vc_column][vc_column width=&#8221;1\/2&#8243;][vc_accordion active_tab=&#8221;1&#8243; type=&#8221;panel-modern&#8221;][vc_accordion_tab title=&#8221;Oturum ve \u00e7al\u0131\u015fma haklar\u0131&#8221;][vc_video [&hellip;]<\/p>\n","protected":false},"author":1,"featured_media":0,"parent":0,"menu_order":0,"comment_status":"closed","ping_status":"closed","template":"","meta":{"_acf_changed":false,"footnotes":""},"class_list":["post-1258","page","type-page","status-publish","hentry"],"acf":[],"_links":{"self":[{"href":"https:\/\/sanas-legal.de\/tr\/wp-json\/wp\/v2\/pages\/1258","targetHints":{"allow":["GET"]}}],"collection":[{"href":"https:\/\/sanas-legal.de\/tr\/wp-json\/wp\/v2\/pages"}],"about":[{"href":"https:\/\/sanas-legal.de\/tr\/wp-json\/wp\/v2\/types\/page"}],"author":[{"embeddable":true,"href":"https:\/\/sanas-legal.de\/tr\/wp-json\/wp\/v2\/users\/1"}],"replies":[{"embeddable":true,"href":"https:\/\/sanas-legal.de\/tr\/wp-json\/wp\/v2\/comments?post=1258"}],"version-history":[{"count":2,"href":"https:\/\/sanas-legal.de\/tr\/wp-json\/wp\/v2\/pages\/1258\/revisions"}],"predecessor-version":[{"id":1260,"href":"https:\/\/sanas-legal.de\/tr\/wp-json\/wp\/v2\/pages\/1258\/revisions\/1260"}],"wp:attachment":[{"href":"https:\/\/sanas-legal.de\/tr\/wp-json\/wp\/v2\/media?parent=1258"}],"curies":[{"name":"wp","href":"https:\/\/api.w.org\/{rel}","templated":true}]}}