{"id":1293,"date":"2020-12-22T02:29:13","date_gmt":"2020-12-22T01:29:13","guid":{"rendered":"https:\/\/sanas-legal.de\/ekibimiz\/"},"modified":"2026-02-28T12:24:02","modified_gmt":"2026-02-28T11:24:02","slug":"ekibimiz","status":"publish","type":"page","link":"https:\/\/sanas-legal.de\/tr\/ekibimiz\/","title":{"rendered":"Ekibimiz"},"content":{"rendered":"<div class=\"wpb-content-wrapper\"><p>[vc_row wrap_container=&#8221;yes&#8221; animation_delay=&#8221;200&#8243; css=&#8221;.vc_custom_1608606361261{margin-top: 80px !important;}&#8221; el_class=&#8221;mb-3&#8243; animation_type=&#8221;fadeInUp&#8221;][vc_column]<div class=\"porto-members porto-membersemi1 wpb_content_element wpb_custom_290bd66eb8aa242e386eafb3881984ff\">\r\n\t<div class=\"page-members clearfix porto-ajax-load load-infinite\" id=\"porto_members_gszi\" data-post_type=\"member\" data-post_layout=\"onimage\" data-ajax_load_options=\"{&quot;columns&quot;:&quot;3&quot;,&quot;view&quot;:&quot;onimage&quot;,&quot;number&quot;:&quot;6&quot;,&quot;filter&quot;:&quot;yes&quot;,&quot;filter_type&quot;:&quot;ajax&quot;,&quot;pagination&quot;:&quot;infinite&quot;}\">\r\n\r\n\t\t\r\n\t\t\t\t\t<ul class=\"member-filter nav sort-source nav-pills porto-ajax-filter\">\r\n\t\t\t\t<li class=\"active\" data-filter=\"*\"><a href=\"#\">Show All<\/a><\/li>\r\n\t\t\t\t\t\t\t\t\t<li data-filter=\"is-birligi-yapan-avukatlar\"><a href=\"#\">\u0130\u015f birli\u011fi yapan avukatlar<\/a><\/li>\r\n\t\t\t\t\t\t\t\t\t<li data-filter=\"muenih-tuerkiye-baskonsoloslugu-gueven-avukatlari\"><a href=\"#\">M\u00fcnih T\u00fcrkiye Ba\u015fkonsoloslu\u011fu G\u00fcven Avukatlar\u0131<\/a><\/li>\r\n\t\t\t\t\t\t\t\t\t<li data-filter=\"ortak\"><a href=\"#\">Ortak<\/a><\/li>\r\n\t\t\t\t\t\t\t<\/ul>\r\n\t\t\t<hr>\r\n\t\t\r\n\t\t\r\n\t\t\t\t\t<div class=\"members-container member-row row ccols-wrap ccols-sm-2 ccols-lg-3 ccols-1\" data-cur_page=\"1\" data-max_page=\"1\">\r\n\t\t\t\r\n\t<article class=\"member muenih-tuerkiye-baskonsoloslugu-gueven-avukatlari ortak post-1389 type-member status-publish hentry member_cat-muenih-tuerkiye-baskonsoloslugu-gueven-avukatlari member_cat-ortak\">\r\n\t\t\t\t<h3 class=\"entry-title\" style=\"display: none;\">Dr. Temel Nal<\/h3><span class=\"vcard\" style=\"display: none;\"><span class=\"fn\"><a href=\"https:\/\/sanas-legal.de\/tr\/author\/dogan\/\" title=\"Dogan taraf\u0131ndan yaz\u0131lan yaz\u0131lar\" rel=\"author\">Dogan<\/a><\/span><\/span><span class=\"updated\" style=\"display:none\">2026-02-28T12:26:56+01:00<\/span>\t\t<div class=\"member-item \">\r\n\t\t\t<div class=\"thumb-info thumb-info-hide-wrapper-bg\">\r\n\r\n\t\t\t\t<div class=\"thumb-info-wrapper \">\r\n\t\t\t\t\t\t\t\t\t\t<div class=\"thumb-member-container \">\r\n\t\t\t\t\t\t<a class=\"text-decoration-none member-image\" aria-label=\"Go To Single Member\" href=\"https:\/\/sanas-legal.de\/tr\/member\/dr-temel-nal\/\">\r\n\t\t\t\t\t\t<img loading=\"lazy\" decoding=\"async\" class=\"img-responsive\" width=\"800\" height=\"640\" src=\"https:\/\/sanas-legal.de\/wp-content\/themes\/porto\/images\/placeholder.jpg\" alt=\"Porto Placeholder\" \/>\r\n\t\t\t\t\t\t<\/a>\r\n\r\n\t\t\t\t\t\t\t\t\t\t\t\t\t\t\t\t\t\t\t\t\t\t\t\t<\/div>\r\n\t\t\t\t\t<a aria-label=\"Go To the single member\" class=\"text-decoration-none member-info-container\" href=\"https:\/\/sanas-legal.de\/tr\/member\/dr-temel-nal\/\">\r\n\t\t\t\t\t\t\t\t\t\t\t\t<span class=\"thumb-info-title\">\r\n\t\t\t\t\t\t\t<span class=\"thumb-info-inner\">Dr. Temel Nal<\/span>\r\n\t\t\t\t\t\t\t\t\t\t\t\t\t\t\t<span class=\"thumb-info-type\">Avukat<\/span>\r\n\t\t\t\t\t\t\t\t\t\t\t\t\t<\/span>\r\n\t\t\t\t\t\t\t\t\t\t\t\t\t\t\t\t\t\t<span class=\"zoom\" data-src=\"https:\/\/sanas-legal.de\/wp-content\/themes\/porto\/images\/placeholder.jpg\" data-title=\"Porto Placeholder\"><i class=\"fas fa-search\"><\/i><\/span>\r\n\t\t\t\t\t\t\t\t\t\t<\/a>\r\n\t\t\t\t<\/div>\r\n\t\t\t\t<!--Thumb info wrapper end-->\r\n\t\t\t\t<!--Thumb info container -->\r\n\t\t\t\t<div class=\"thumb-info-container\"> \r\n\t\t\t\t\t<a aria-label=\"Dr. Temel Nal\" class=\"text-decoration-none member-info-container\" href=\"https:\/\/sanas-legal.de\/tr\/member\/dr-temel-nal\/\">\r\n\t\t\t\t\t\t\t\t\t\t\t\t\t\t\t<\/a>\r\n\r\n\t\t\t\t\t\t\t\t\t\t<div class=\"thumb-info-caption\">\r\n\t\t\t\t\t\t\t\t\t\t\t\t\t<div class=\"thumb-info-caption-text\">\r\n\t\t\t\t\t\t\t\t\t\t\t\t\t\t\t<\/div>\r\n\t\t\t\t\t\t\t\t\t\t\t\t\t\t\t\t\t<\/div>\r\n\t\t\t\t\t\t\t\t\t\t\t\t\t\t<\/div>\r\n\t\t\t<\/div>\r\n\t\t<\/div>\r\n\t<\/article>\r\n\t\r\n\t<article class=\"member is-birligi-yapan-avukatlar post-1371 type-member status-publish hentry member_cat-is-birligi-yapan-avukatlar\">\r\n\t\t\t\t<h3 class=\"entry-title\" style=\"display: none;\">Ay\u015fe Nal-Roskos<\/h3><span class=\"vcard\" style=\"display: none;\"><span class=\"fn\"><a href=\"https:\/\/sanas-legal.de\/tr\/author\/dogan\/\" title=\"Dogan taraf\u0131ndan yaz\u0131lan yaz\u0131lar\" rel=\"author\">Dogan<\/a><\/span><\/span><span class=\"updated\" style=\"display:none\">2026-02-28T12:26:30+01:00<\/span>\t\t<div class=\"member-item \">\r\n\t\t\t<div class=\"thumb-info thumb-info-hide-wrapper-bg\">\r\n\r\n\t\t\t\t<div class=\"thumb-info-wrapper \">\r\n\t\t\t\t\t\t\t\t\t\t<div class=\"thumb-member-container \">\r\n\t\t\t\t\t\t<a class=\"text-decoration-none member-image\" aria-label=\"Go To Single Member\" href=\"https:\/\/sanas-legal.de\/tr\/member\/ayse-nal-roskos\/\">\r\n\t\t\t\t\t\t<img loading=\"lazy\" decoding=\"async\" class=\"img-responsive\" width=\"800\" height=\"640\" src=\"https:\/\/sanas-legal.de\/wp-content\/themes\/porto\/images\/placeholder.jpg\" alt=\"Porto Placeholder\" \/>\r\n\t\t\t\t\t\t<\/a>\r\n\r\n\t\t\t\t\t\t\t\t\t\t\t\t\t\t\t\t\t\t\t\t\t\t\t\t<\/div>\r\n\t\t\t\t\t<a aria-label=\"Go To the single member\" class=\"text-decoration-none member-info-container\" href=\"https:\/\/sanas-legal.de\/tr\/member\/ayse-nal-roskos\/\">\r\n\t\t\t\t\t\t\t\t\t\t\t\t<span class=\"thumb-info-title\">\r\n\t\t\t\t\t\t\t<span class=\"thumb-info-inner\">Ay\u015fe Nal-Roskos<\/span>\r\n\t\t\t\t\t\t\t\t\t\t\t\t\t\t\t<span class=\"thumb-info-type\">Avukat<\/span>\r\n\t\t\t\t\t\t\t\t\t\t\t\t\t<\/span>\r\n\t\t\t\t\t\t\t\t\t\t\t\t\t\t\t\t\t\t<span class=\"zoom\" data-src=\"https:\/\/sanas-legal.de\/wp-content\/themes\/porto\/images\/placeholder.jpg\" data-title=\"Porto Placeholder\"><i class=\"fas fa-search\"><\/i><\/span>\r\n\t\t\t\t\t\t\t\t\t\t<\/a>\r\n\t\t\t\t<\/div>\r\n\t\t\t\t<!--Thumb info wrapper end-->\r\n\t\t\t\t<!--Thumb info container -->\r\n\t\t\t\t<div class=\"thumb-info-container\"> \r\n\t\t\t\t\t<a aria-label=\"Ay\u015fe Nal-Roskos\" class=\"text-decoration-none member-info-container\" href=\"https:\/\/sanas-legal.de\/tr\/member\/ayse-nal-roskos\/\">\r\n\t\t\t\t\t\t\t\t\t\t\t\t\t\t\t<\/a>\r\n\r\n\t\t\t\t\t\t\t\t\t\t<div class=\"thumb-info-caption\">\r\n\t\t\t\t\t\t\t\t\t\t\t\t\t<div class=\"thumb-info-caption-text\">\r\n\t\t\t\t\t\t\t\t\t\t\t\t\t\t\t<\/div>\r\n\t\t\t\t\t\t\t\t\t\t\t\t\t\t\t\t\t<\/div>\r\n\t\t\t\t\t\t\t\t\t\t\t\t\t\t<\/div>\r\n\t\t\t<\/div>\r\n\t\t<\/div>\r\n\t<\/article>\r\n\t\r\n\t<article class=\"member is-birligi-yapan-avukatlar muenih-tuerkiye-baskonsoloslugu-gueven-avukatlari post-1399 type-member status-publish hentry member_cat-is-birligi-yapan-avukatlar member_cat-muenih-tuerkiye-baskonsoloslugu-gueven-avukatlari\">\r\n\t\t\t\t<h3 class=\"entry-title\" style=\"display: none;\">G\u00fcldane \u015een<\/h3><span class=\"vcard\" style=\"display: none;\"><span class=\"fn\"><a href=\"https:\/\/sanas-legal.de\/tr\/author\/dogan\/\" title=\"Dogan taraf\u0131ndan yaz\u0131lan yaz\u0131lar\" rel=\"author\">Dogan<\/a><\/span><\/span><span class=\"updated\" style=\"display:none\">2026-02-28T12:27:21+01:00<\/span>\t\t<div class=\"member-item \">\r\n\t\t\t<div class=\"thumb-info thumb-info-hide-wrapper-bg\">\r\n\r\n\t\t\t\t<div class=\"thumb-info-wrapper \">\r\n\t\t\t\t\t\t\t\t\t\t<div class=\"thumb-member-container \">\r\n\t\t\t\t\t\t<a class=\"text-decoration-none member-image\" aria-label=\"Go To Single Member\" href=\"https:\/\/sanas-legal.de\/tr\/member\/gueldane-sen\/\">\r\n\t\t\t\t\t\t<img loading=\"lazy\" decoding=\"async\" class=\"img-responsive\" width=\"800\" height=\"640\" src=\"https:\/\/sanas-legal.de\/wp-content\/themes\/porto\/images\/placeholder.jpg\" alt=\"Porto Placeholder\" \/>\r\n\t\t\t\t\t\t<\/a>\r\n\r\n\t\t\t\t\t\t\t\t\t\t\t\t\t\t\t\t\t\t\t\t\t\t\t\t<\/div>\r\n\t\t\t\t\t<a aria-label=\"Go To the single member\" class=\"text-decoration-none member-info-container\" href=\"https:\/\/sanas-legal.de\/tr\/member\/gueldane-sen\/\">\r\n\t\t\t\t\t\t\t\t\t\t\t\t<span class=\"thumb-info-title\">\r\n\t\t\t\t\t\t\t<span class=\"thumb-info-inner\">G\u00fcldane \u015een<\/span>\r\n\t\t\t\t\t\t\t\t\t\t\t\t\t\t\t<span class=\"thumb-info-type\">Avukat<\/span>\r\n\t\t\t\t\t\t\t\t\t\t\t\t\t<\/span>\r\n\t\t\t\t\t\t\t\t\t\t\t\t\t\t\t\t\t\t<span class=\"zoom\" data-src=\"https:\/\/sanas-legal.de\/wp-content\/themes\/porto\/images\/placeholder.jpg\" data-title=\"Porto Placeholder\"><i class=\"fas fa-search\"><\/i><\/span>\r\n\t\t\t\t\t\t\t\t\t\t<\/a>\r\n\t\t\t\t<\/div>\r\n\t\t\t\t<!--Thumb info wrapper end-->\r\n\t\t\t\t<!--Thumb info container -->\r\n\t\t\t\t<div class=\"thumb-info-container\"> \r\n\t\t\t\t\t<a aria-label=\"G\u00fcldane \u015een\" class=\"text-decoration-none member-info-container\" href=\"https:\/\/sanas-legal.de\/tr\/member\/gueldane-sen\/\">\r\n\t\t\t\t\t\t\t\t\t\t\t\t\t\t\t<\/a>\r\n\r\n\t\t\t\t\t\t\t\t\t\t<div class=\"thumb-info-caption\">\r\n\t\t\t\t\t\t\t\t\t\t\t\t\t<div class=\"thumb-info-caption-text\">\r\n\t\t\t\t\t\t\t\t\t\t\t\t\t\t\t<\/div>\r\n\t\t\t\t\t\t\t\t\t\t\t\t\t\t\t\t\t<\/div>\r\n\t\t\t\t\t\t\t\t\t\t\t\t\t\t<\/div>\r\n\t\t\t<\/div>\r\n\t\t<\/div>\r\n\t<\/article>\r\n\t\r\n\t<article class=\"member ortak post-1429 type-member status-publish hentry member_cat-ortak\">\r\n\t\t\t\t<h3 class=\"entry-title\" style=\"display: none;\">\u00d6zg\u00fcr Akta\u015f<\/h3><span class=\"vcard\" style=\"display: none;\"><span class=\"fn\"><a href=\"https:\/\/sanas-legal.de\/tr\/author\/dogan\/\" title=\"Dogan taraf\u0131ndan yaz\u0131lan yaz\u0131lar\" rel=\"author\">Dogan<\/a><\/span><\/span><span class=\"updated\" style=\"display:none\">2026-02-28T12:28:13+01:00<\/span>\t\t<div class=\"member-item \">\r\n\t\t\t<div class=\"thumb-info thumb-info-hide-wrapper-bg\">\r\n\r\n\t\t\t\t<div class=\"thumb-info-wrapper \">\r\n\t\t\t\t\t\t\t\t\t\t<div class=\"thumb-member-container \">\r\n\t\t\t\t\t\t<a class=\"text-decoration-none member-image\" aria-label=\"Go To Single Member\" href=\"https:\/\/sanas-legal.de\/tr\/member\/oezguer-aktas\/\">\r\n\t\t\t\t\t\t<img loading=\"lazy\" decoding=\"async\" class=\"img-responsive\" width=\"800\" height=\"640\" src=\"https:\/\/sanas-legal.de\/wp-content\/themes\/porto\/images\/placeholder.jpg\" alt=\"Porto Placeholder\" \/>\r\n\t\t\t\t\t\t<\/a>\r\n\r\n\t\t\t\t\t\t\t\t\t\t\t\t\t\t\t\t\t\t\t\t\t\t\t\t<\/div>\r\n\t\t\t\t\t<a aria-label=\"Go To the single member\" class=\"text-decoration-none member-info-container\" href=\"https:\/\/sanas-legal.de\/tr\/member\/oezguer-aktas\/\">\r\n\t\t\t\t\t\t\t\t\t\t\t\t<span class=\"thumb-info-title\">\r\n\t\t\t\t\t\t\t<span class=\"thumb-info-inner\">\u00d6zg\u00fcr Akta\u015f<\/span>\r\n\t\t\t\t\t\t\t\t\t\t\t\t\t\t\t<span class=\"thumb-info-type\">Uzman Avukat<\/span>\r\n\t\t\t\t\t\t\t\t\t\t\t\t\t<\/span>\r\n\t\t\t\t\t\t\t\t\t\t\t\t\t\t\t\t\t\t<span class=\"zoom\" data-src=\"https:\/\/sanas-legal.de\/wp-content\/themes\/porto\/images\/placeholder.jpg\" data-title=\"Porto Placeholder\"><i class=\"fas fa-search\"><\/i><\/span>\r\n\t\t\t\t\t\t\t\t\t\t<\/a>\r\n\t\t\t\t<\/div>\r\n\t\t\t\t<!--Thumb info wrapper end-->\r\n\t\t\t\t<!--Thumb info container -->\r\n\t\t\t\t<div class=\"thumb-info-container\"> \r\n\t\t\t\t\t<a aria-label=\"\u00d6zg\u00fcr Akta\u015f\" class=\"text-decoration-none member-info-container\" href=\"https:\/\/sanas-legal.de\/tr\/member\/oezguer-aktas\/\">\r\n\t\t\t\t\t\t\t\t\t\t\t\t\t\t\t<\/a>\r\n\r\n\t\t\t\t\t\t\t\t\t\t<div class=\"thumb-info-caption\">\r\n\t\t\t\t\t\t\t\t\t\t\t\t\t<div class=\"thumb-info-caption-text\">\r\n\t\t\t\t\t\t\t\t\t\t\t\t\t\t\t<\/div>\r\n\t\t\t\t\t\t\t\t\t\t\t\t\t\t\t\t\t<\/div>\r\n\t\t\t\t\t\t\t\t\t\t\t\t\t\t<\/div>\r\n\t\t\t<\/div>\r\n\t\t<\/div>\r\n\t<\/article>\r\n\t\r\n\t<article class=\"member muenih-tuerkiye-baskonsoloslugu-gueven-avukatlari ortak post-1396 type-member status-publish hentry member_cat-muenih-tuerkiye-baskonsoloslugu-gueven-avukatlari member_cat-ortak\">\r\n\t\t\t\t<h3 class=\"entry-title\" style=\"display: none;\">Serdal Altunta\u015f<\/h3><span class=\"vcard\" style=\"display: none;\"><span class=\"fn\"><a href=\"https:\/\/sanas-legal.de\/tr\/author\/dogan\/\" title=\"Dogan taraf\u0131ndan yaz\u0131lan yaz\u0131lar\" rel=\"author\">Dogan<\/a><\/span><\/span><span class=\"updated\" style=\"display:none\">2026-02-28T12:27:21+01:00<\/span>\t\t<div class=\"member-item \">\r\n\t\t\t<div class=\"thumb-info thumb-info-hide-wrapper-bg\">\r\n\r\n\t\t\t\t<div class=\"thumb-info-wrapper \">\r\n\t\t\t\t\t\t\t\t\t\t<div class=\"thumb-member-container \">\r\n\t\t\t\t\t\t<a class=\"text-decoration-none member-image\" aria-label=\"Go To Single Member\" href=\"https:\/\/sanas-legal.de\/tr\/member\/serdal-altuntas\/\">\r\n\t\t\t\t\t\t<img loading=\"lazy\" decoding=\"async\" class=\"img-responsive\" width=\"800\" height=\"640\" src=\"https:\/\/sanas-legal.de\/wp-content\/themes\/porto\/images\/placeholder.jpg\" alt=\"Porto Placeholder\" \/>\r\n\t\t\t\t\t\t<\/a>\r\n\r\n\t\t\t\t\t\t\t\t\t\t\t\t\t\t\t\t\t\t\t\t\t\t\t\t<\/div>\r\n\t\t\t\t\t<a aria-label=\"Go To the single member\" class=\"text-decoration-none member-info-container\" href=\"https:\/\/sanas-legal.de\/tr\/member\/serdal-altuntas\/\">\r\n\t\t\t\t\t\t\t\t\t\t\t\t<span class=\"thumb-info-title\">\r\n\t\t\t\t\t\t\t<span class=\"thumb-info-inner\">Serdal Altunta\u015f<\/span>\r\n\t\t\t\t\t\t\t\t\t\t\t\t\t\t\t<span class=\"thumb-info-type\">Avukat<\/span>\r\n\t\t\t\t\t\t\t\t\t\t\t\t\t<\/span>\r\n\t\t\t\t\t\t\t\t\t\t\t\t\t\t\t\t\t\t<span class=\"zoom\" data-src=\"https:\/\/sanas-legal.de\/wp-content\/themes\/porto\/images\/placeholder.jpg\" data-title=\"Porto Placeholder\"><i class=\"fas fa-search\"><\/i><\/span>\r\n\t\t\t\t\t\t\t\t\t\t<\/a>\r\n\t\t\t\t<\/div>\r\n\t\t\t\t<!--Thumb info wrapper end-->\r\n\t\t\t\t<!--Thumb info container -->\r\n\t\t\t\t<div class=\"thumb-info-container\"> \r\n\t\t\t\t\t<a aria-label=\"Serdal Altunta\u015f\" class=\"text-decoration-none member-info-container\" href=\"https:\/\/sanas-legal.de\/tr\/member\/serdal-altuntas\/\">\r\n\t\t\t\t\t\t\t\t\t\t\t\t\t\t\t<\/a>\r\n\r\n\t\t\t\t\t\t\t\t\t\t<div class=\"thumb-info-caption\">\r\n\t\t\t\t\t\t\t\t\t\t\t\t\t<div class=\"thumb-info-caption-text\">\r\n\t\t\t\t\t\t\t\t\t\t\t\t\t\t\t<\/div>\r\n\t\t\t\t\t\t\t\t\t\t\t\t\t\t\t\t\t<\/div>\r\n\t\t\t\t\t\t\t\t\t\t\t\t\t\t<\/div>\r\n\t\t\t<\/div>\r\n\t\t<\/div>\r\n\t<\/article>\r\n\t\r\n\t<article class=\"member is-birligi-yapan-avukatlar muenih-tuerkiye-baskonsoloslugu-gueven-avukatlari post-1409 type-member status-publish hentry member_cat-is-birligi-yapan-avukatlar member_cat-muenih-tuerkiye-baskonsoloslugu-gueven-avukatlari\">\r\n\t\t\t\t<h3 class=\"entry-title\" style=\"display: none;\">P\u0131nar Dirim<\/h3><span class=\"vcard\" style=\"display: none;\"><span class=\"fn\"><a href=\"https:\/\/sanas-legal.de\/tr\/author\/dogan\/\" title=\"Dogan taraf\u0131ndan yaz\u0131lan yaz\u0131lar\" rel=\"author\">Dogan<\/a><\/span><\/span><span class=\"updated\" style=\"display:none\">2026-02-28T12:27:42+01:00<\/span>\t\t<div class=\"member-item \">\r\n\t\t\t<div class=\"thumb-info thumb-info-hide-wrapper-bg\">\r\n\r\n\t\t\t\t<div class=\"thumb-info-wrapper \">\r\n\t\t\t\t\t\t\t\t\t\t<div class=\"thumb-member-container \">\r\n\t\t\t\t\t\t<a class=\"text-decoration-none member-image\" aria-label=\"Go To Single Member\" href=\"https:\/\/sanas-legal.de\/tr\/member\/pinar-dirim\/\">\r\n\t\t\t\t\t\t<img loading=\"lazy\" decoding=\"async\" class=\"img-responsive\" width=\"800\" height=\"640\" src=\"https:\/\/sanas-legal.de\/wp-content\/themes\/porto\/images\/placeholder.jpg\" alt=\"Porto Placeholder\" \/>\r\n\t\t\t\t\t\t<\/a>\r\n\r\n\t\t\t\t\t\t\t\t\t\t\t\t\t\t\t\t\t\t\t\t\t\t\t\t<\/div>\r\n\t\t\t\t\t<a aria-label=\"Go To the single member\" class=\"text-decoration-none member-info-container\" href=\"https:\/\/sanas-legal.de\/tr\/member\/pinar-dirim\/\">\r\n\t\t\t\t\t\t\t\t\t\t\t\t<span class=\"thumb-info-title\">\r\n\t\t\t\t\t\t\t<span class=\"thumb-info-inner\">P\u0131nar Dirim<\/span>\r\n\t\t\t\t\t\t\t\t\t\t\t\t\t\t\t<span class=\"thumb-info-type\">Avukat<\/span>\r\n\t\t\t\t\t\t\t\t\t\t\t\t\t<\/span>\r\n\t\t\t\t\t\t\t\t\t\t\t\t\t\t\t\t\t\t<span class=\"zoom\" data-src=\"https:\/\/sanas-legal.de\/wp-content\/themes\/porto\/images\/placeholder.jpg\" data-title=\"Porto Placeholder\"><i class=\"fas fa-search\"><\/i><\/span>\r\n\t\t\t\t\t\t\t\t\t\t<\/a>\r\n\t\t\t\t<\/div>\r\n\t\t\t\t<!--Thumb info wrapper end-->\r\n\t\t\t\t<!--Thumb info container -->\r\n\t\t\t\t<div class=\"thumb-info-container\"> \r\n\t\t\t\t\t<a aria-label=\"P\u0131nar Dirim\" class=\"text-decoration-none member-info-container\" href=\"https:\/\/sanas-legal.de\/tr\/member\/pinar-dirim\/\">\r\n\t\t\t\t\t\t\t\t\t\t\t\t\t\t\t<\/a>\r\n\r\n\t\t\t\t\t\t\t\t\t\t<div class=\"thumb-info-caption\">\r\n\t\t\t\t\t\t\t\t\t\t\t\t\t<div class=\"thumb-info-caption-text\">\r\n\t\t\t\t\t\t\t\t\t\t\t\t\t\t\t<\/div>\r\n\t\t\t\t\t\t\t\t\t\t\t\t\t\t\t\t\t<\/div>\r\n\t\t\t\t\t\t\t\t\t\t\t\t\t\t<\/div>\r\n\t\t\t<\/div>\r\n\t\t<\/div>\r\n\t<\/article>\r\n\t\t\t\t<\/div>\r\n\t\t\r\n\t\t\t\t\t<input type=\"hidden\" class=\"shortcode-id\" value=\"emi1\"\/>\r\n\t\t\t\t\t\r\n\t<\/div>\r\n\r\n\t\r\n\t<\/div>[\/vc_column][\/vc_row][vc_row wrap_container=&#8221;yes&#8221; disable_element=&#8221;yes&#8221; animation_delay=&#8221;300&#8243; el_class=&#8221;overlay-dark&#8221; css=&#8221;.vc_custom_1708646191650{padding-top: 105px !important;padding-bottom: 55px !important;background: #393c40 url(\/\/sw-themes.com\/porto_dummy\/wp-content\/uploads\/2020\/12\/background-1.jpg?id=126) !important;}&#8221; animation_type=&#8221;fadeIn&#8221; conditional_render=&#8221;%5B%7B%22value_role%22%3A%22administrator%22%7D%5D&#8221;][vc_column][vc_custom_heading text=&#8221;Fark\u0131m\u0131z&#8221; font_container=&#8221;tag:h4|font_size:1.2em|text_align:center&#8221; use_theme_fonts=&#8221;yes&#8221; text_transform=&#8221;text-uppercase&#8221; font_weight=&#8221;600&#8243; skin=&#8221;primary&#8221; letter_spacing=&#8221;-0.05em&#8221; el_class=&#8221;mb-3&#8243;][vc_custom_heading text=&#8221;\u015eirket Detaylar\u0131&#8221; font_container=&#8221;tag:h2|font_size:2.75em|text_align:center|line_height:24px&#8221; use_theme_fonts=&#8221;yes&#8221; text_transform=&#8221;text-capitalize&#8221; font_weight=&#8221;700&#8243; skin=&#8221;light&#8221; letter_spacing=&#8221;-1px&#8221; el_class=&#8221;pb-3 mb-5 font-style-normal&#8221;][vc_custom_heading text=&#8221;Lorem ipsum dolor sit amet, consectetur adipiscing elit. Sed imperdiet libero id nisi euismod, sed porta est consectetur. Vestibulum auctor felis eget orci semper vestibulum. Pellentesque ultricies nibh gravida, accumsan libero luctus, molestie nunc.    In nibh ipsum, blandit id faucibus ac, finibus vitae dui.&#8221; font_container=&#8221;tag:p|font_size:1.2em|text_align:center|line_height:26px&#8221; use_theme_fonts=&#8221;yes&#8221; skin=&#8221;light&#8221; el_class=&#8221;mx-auto mb-3 col-md-11 px-0&#8243;][vc_row_inner el_class=&#8221;pt-5 pb-4&#8243;][vc_column_inner width=&#8221;1\/5&#8243; offset=&#8221;vc_col-md-3&#8243;]<div class=\"stats-block stats-top   wpb_custom_a517333ace5b1666c6af8bd4684f1de9\"><div class=\"stats-desc\"><div id=\"counter_171783541669ef8a9bd3cd8\" data-id=\"counter_171783541669ef8a9bd3cd8\" class=\"stats-number\" style=\" font-size:4em;line-height:1.2;color:#ffffff;\" data-speed=\"3\" data-counter-value=\"50\" data-separator=\",\" data-decimal=\".\">0<\/div><div class=\"counter_suffix mycust\" style=\" font-size:4em;color:#ad9263\">+<\/div><div class=\"stats-text\" style=\"font-weight:700;font-size:1.2em;line-height:15px;color:#ffffff;\">Faaliyet Y\u0131l\u0131<\/div><\/div><\/div>[\/vc_column_inner][vc_column_inner width=&#8221;1\/5&#8243; offset=&#8221;vc_col-md-3&#8243;]<div class=\"stats-block stats-top   wpb_custom_a517333ace5b1666c6af8bd4684f1de9\"><div class=\"stats-desc\"><div id=\"counter_149371283169ef8a9bd4104\" data-id=\"counter_149371283169ef8a9bd4104\" class=\"stats-number\" style=\" font-size:4em;line-height:1.2;color:#ffffff;\" data-speed=\"3\" data-counter-value=\"240\" data-separator=\",\" data-decimal=\".\">0<\/div><div class=\"counter_suffix mycust\" style=\" font-size:4em;color:#ad9263\">+<\/div><div class=\"stats-text\" style=\"font-weight:700;font-size:1.2em;line-height:15px;color:#ffffff;\">Memnun M\u00fcvekkiller<\/div><\/div><\/div>[\/vc_column_inner][vc_column_inner width=&#8221;1\/5&#8243; offset=&#8221;vc_col-md-3&#8243;]<div class=\"stats-block stats-top   wpb_custom_a517333ace5b1666c6af8bd4684f1de9\"><div class=\"stats-desc\"><div id=\"counter_30596226669ef8a9bd4439\" data-id=\"counter_30596226669ef8a9bd4439\" class=\"stats-number\" style=\" font-size:4em;line-height:1.2;color:#ffffff;\" data-speed=\"3\" data-counter-value=\"2000\" data-separator=\",\" data-decimal=\".\">0<\/div><div class=\"counter_suffix mycust\" style=\" font-size:4em;color:#ad9263\">+<\/div><div class=\"stats-text\" style=\"font-weight:700;font-size:1.2em;line-height:15px;color:#ffffff;\">Ba\u015far\u0131l\u0131 Davalar<\/div><\/div><\/div>[\/vc_column_inner][vc_column_inner width=&#8221;1\/5&#8243; offset=&#8221;vc_col-md-3&#8243;]<div class=\"stats-block stats-top   wpb_custom_a517333ace5b1666c6af8bd4684f1de9\"><div class=\"stats-desc\"><div id=\"counter_94673391169ef8a9bd47b7\" data-id=\"counter_94673391169ef8a9bd47b7\" class=\"stats-number\" style=\" font-size:4em;line-height:1.2;color:#ffffff;\" data-speed=\"3\" data-counter-value=\"2000\" data-separator=\",\" data-decimal=\".\">0<\/div><div class=\"counter_suffix mycust\" style=\" font-size:4em;color:#ad9263\">+<\/div><div class=\"stats-text\" style=\"font-weight:700;font-size:1.2em;line-height:15px;color:#ffffff;\">Ba\u015far\u0131l\u0131 Davalar<\/div><\/div><\/div>[\/vc_column_inner][vc_column_inner width=&#8221;1\/5&#8243;]<div class=\"stats-block stats-top   wpb_custom_a517333ace5b1666c6af8bd4684f1de9\"><div class=\"stats-desc\"><div id=\"counter_39460329369ef8a9bd4b76\" data-id=\"counter_39460329369ef8a9bd4b76\" class=\"stats-number\" style=\" font-size:4em;line-height:1.2;color:#ffffff;\" data-speed=\"3\" data-counter-value=\"20\" data-separator=\",\" data-decimal=\".\">0<\/div><div class=\"counter_suffix mycust\" style=\" font-size:4em;color:#ad9263\">+<\/div><div class=\"stats-text\" style=\"font-weight:700;font-size:1.2em;line-height:15px;color:#ffffff;\">Profesyonel Avukatlar<\/div><\/div><\/div>[\/vc_column_inner][\/vc_row_inner][\/vc_column][\/vc_row]<\/p>\n<\/div>","protected":false},"excerpt":{"rendered":"<p>[vc_row wrap_container=&#8221;yes&#8221; animation_delay=&#8221;200&#8243; css=&#8221;.vc_custom_1608606361261{margin-top: 80px !important;}&#8221; el_class=&#8221;mb-3&#8243; animation_type=&#8221;fadeInUp&#8221;][vc_column][\/vc_column][\/vc_row][vc_row wrap_container=&#8221;yes&#8221; disable_element=&#8221;yes&#8221; animation_delay=&#8221;300&#8243; el_class=&#8221;overlay-dark&#8221; css=&#8221;.vc_custom_1708646191650{padding-top: 105px !important;padding-bottom: 55px !important;background: #393c40 url(\/\/sw-themes.com\/porto_dummy\/wp-content\/uploads\/2020\/12\/background-1.jpg?id=126) !important;}&#8221; animation_type=&#8221;fadeIn&#8221; conditional_render=&#8221;%5B%7B%22value_role%22%3A%22administrator%22%7D%5D&#8221;][vc_column][vc_custom_heading text=&#8221;Fark\u0131m\u0131z&#8221; font_container=&#8221;tag:h4|font_size:1.2em|text_align:center&#8221; use_theme_fonts=&#8221;yes&#8221; text_transform=&#8221;text-uppercase&#8221; font_weight=&#8221;600&#8243; skin=&#8221;primary&#8221; letter_spacing=&#8221;-0.05em&#8221; el_class=&#8221;mb-3&#8243;][vc_custom_heading text=&#8221;\u015eirket Detaylar\u0131&#8221; font_container=&#8221;tag:h2|font_size:2.75em|text_align:center|line_height:24px&#8221; use_theme_fonts=&#8221;yes&#8221; text_transform=&#8221;text-capitalize&#8221; font_weight=&#8221;700&#8243; skin=&#8221;light&#8221; letter_spacing=&#8221;-1px&#8221; el_class=&#8221;pb-3 mb-5 font-style-normal&#8221;][vc_custom_heading text=&#8221;Lorem ipsum dolor sit amet, consectetur adipiscing elit. Sed imperdiet libero id nisi euismod, [&hellip;]<\/p>\n","protected":false},"author":1,"featured_media":0,"parent":0,"menu_order":0,"comment_status":"closed","ping_status":"closed","template":"","meta":{"_acf_changed":false,"footnotes":""},"class_list":["post-1293","page","type-page","status-publish","hentry"],"acf":[],"_links":{"self":[{"href":"https:\/\/sanas-legal.de\/tr\/wp-json\/wp\/v2\/pages\/1293","targetHints":{"allow":["GET"]}}],"collection":[{"href":"https:\/\/sanas-legal.de\/tr\/wp-json\/wp\/v2\/pages"}],"about":[{"href":"https:\/\/sanas-legal.de\/tr\/wp-json\/wp\/v2\/types\/page"}],"author":[{"embeddable":true,"href":"https:\/\/sanas-legal.de\/tr\/wp-json\/wp\/v2\/users\/1"}],"replies":[{"embeddable":true,"href":"https:\/\/sanas-legal.de\/tr\/wp-json\/wp\/v2\/comments?post=1293"}],"version-history":[{"count":4,"href":"https:\/\/sanas-legal.de\/tr\/wp-json\/wp\/v2\/pages\/1293\/revisions"}],"predecessor-version":[{"id":1299,"href":"https:\/\/sanas-legal.de\/tr\/wp-json\/wp\/v2\/pages\/1293\/revisions\/1299"}],"wp:attachment":[{"href":"https:\/\/sanas-legal.de\/tr\/wp-json\/wp\/v2\/media?parent=1293"}],"curies":[{"name":"wp","href":"https:\/\/api.w.org\/{rel}","templated":true}]}}