{"id":1330,"date":"2020-12-14T01:34:08","date_gmt":"2020-12-14T00:34:08","guid":{"rendered":"https:\/\/sanas-legal.de\/ana-sayfa\/"},"modified":"2026-02-28T12:24:50","modified_gmt":"2026-02-28T11:24:50","slug":"ana-sayfa","status":"publish","type":"page","link":"https:\/\/sanas-legal.de\/tr\/","title":{"rendered":"Ana Sayfa"},"content":{"rendered":"<div class=\"wpb-content-wrapper\"><p>[vc_row full_width=&#8221;stretch_row&#8221; no_padding=&#8221;yes&#8221; full_height=&#8221;yes&#8221; disable_element=&#8221;yes&#8221; css=&#8221;.vc_custom_1717413080365{margin-top: -20px !important;}&#8221; conditional_render=&#8221;%5B%7B%22value_role%22%3A%22administrator%22%7D%5D&#8221;][vc_column]<div class=\"porto-carousel owl-carousel has-ccols ccols-xl-1 ccols-lg-1 ccols-md-1 ccols-sm-1 ccols-1 home-slider mb-0 wpb_custom_c86c2fb53cae9eced42d4b8900a042f3 nav-style-2 show-nav-hover\" data-plugin-options=\"{&quot;themeConfig&quot;:true,&quot;stagePadding&quot;:0,&quot;margin&quot;:0,&quot;autoplay&quot;:false,&quot;mouseDrag&quot;:false,&quot;touchDrag&quot;:false,&quot;autoplayTimeout&quot;:5000,&quot;autoplayHoverPause&quot;:false,&quot;items&quot;:1,&quot;xl&quot;:1,&quot;lg&quot;:1,&quot;md&quot;:1,&quot;sm&quot;:1,&quot;xs&quot;:1,&quot;nav&quot;:&quot;yes&quot;,&quot;dots&quot;:false,&quot;animateIn&quot;:&quot;fadeIn&quot;,&quot;animateOut&quot;:&quot;fadeOut&quot;,&quot;loop&quot;:false,&quot;center&quot;:false,&quot;video&quot;:false,&quot;lazyLoad&quot;:false,&quot;fullscreen&quot;:false}\"><div class=\"porto-ultimate-content-box-container \"><style>.porto_ucb_21b6bf01188be9ba0119a2cb5c097588{will-change: box-shadow;box-shadow: none;}.porto_ucb_21b6bf01188be9ba0119a2cb5c097588:hover{box-shadow:none}<\/style><div class=\"porto-ultimate-content-box vc_custom_1708657580055 has-content-pos justify-content-end porto_ucb_21b6bf01188be9ba0119a2cb5c097588\" style=\"\">[vc_custom_heading text=&#8221;&#8221; use_theme_fonts=&#8221;yes&#8221; animation_duration=&#8221;2000&#8243; animation_type=&#8221;fadeInUp&#8221; el_class=&#8221;h-100 banner-bg-img&#8221; css=&#8221;.vc_custom_1717412920806{background-image: url(https:\/\/sanas-legal.de\/wp-content\/uploads\/2024\/05\/AnwaltTeam2.jpg?id=1076) !important;background-position: 0 0 !important;background-repeat: no-repeat !important;}&#8221;][vc_custom_heading text=&#8221;&#8221; font_container=&#8221;tag:h2|font_size:4.5em|text_align:center|line_height:1&#8243; use_theme_fonts=&#8221;yes&#8221; font_weight=&#8221;700&#8243; skin=&#8221;light&#8221; letter_spacing=&#8221;2.5px&#8221; animation_delay=&#8221;800&#8243; animation_type=&#8221;lightSpeedIn&#8221;][vc_custom_heading text=&#8221;&#8221; font_container=&#8221;tag:h3|font_size:1.5em|text_align:center|line_height:1.3&#8243; use_theme_fonts=&#8221;yes&#8221; font_weight=&#8221;600&#8243; skin=&#8221;light&#8221; letter_spacing=&#8221;1px&#8221; animation_delay=&#8221;1300&#8243; el_class=&#8221;mb-2 position-relative z-index-1&#8243; animation_type=&#8221;lightSpeedIn&#8221;][vc_custom_heading text=&#8221;&#8221; font_container=&#8221;tag:p|font_size:1.1em|text_align:center|line_height:26px&#8221; use_theme_fonts=&#8221;yes&#8221; text_transform=&#8221;text-capitalize&#8221; skin=&#8221;light&#8221; animation_delay=&#8221;2000&#8243; el_class=&#8221;opacity-6 mb-2 pb-2 position-relative z-index-1&#8243; animation_type=&#8221;fadeInUp&#8221;]<\/div><\/div><\/div>[\/vc_column][\/vc_row][vc_row full_width=&#8221;stretch_row&#8221; no_padding=&#8221;yes&#8221; css=&#8221;.vc_custom_1717417039472{margin-top: -20px !important;}&#8221; conditional_render=&#8221;%5B%7B%22value_role%22%3A%22administrator%22%7D%5D&#8221;][vc_column][vc_column_text]\n\t\t\t\t<p class=\"rs-p-wp-fix\"><\/p>\n\t\t\t\t<sr7-module data-alias=\"exploration-header-1\" data-id=\"1\" id=\"SR7_1_1\" class=\"rs-ov-hidden\" data-version=\"6.7.12\">\n\t\t\t\t\t<sr7-adjuster><\/sr7-adjuster>\n\t\t\t\t\t<sr7-content>\n\t\t\t\t\t\t<sr7-slide id=\"SR7_1_1-1\" data-key=\"1\">\n\t\t\t\t\t\t<\/sr7-slide>\n\t\t\t\t\t\t<sr7-slide id=\"SR7_1_1-2\" data-key=\"2\">\n\t\t\t\t\t\t<\/sr7-slide>\n\t\t\t\t\t<\/sr7-content>\n\t\t\t\t\t<image_lists style=\"display:none\">\n\t\t\t\t\t\t<img data-src=\"\/\/sanas-legal.de\/wp-content\/uploads\/2024\/05\/AnwaltTeam2.jpg\" data-libid=\"1076\" data-lib=\"medialibrary\" title=\"AnwaltTeam2\" width=\"0\" height=\"0\" data-dbsrc=\"Ly9zYW5hcy1sZWdhbC5kZS93cC1jb250ZW50L3VwbG9hZHMvMjAyNC8wNS9BbndhbHRUZWFtMi5qcGc=\"\/>\n\t\t\t\t\t<\/image_lists>\n\t\t\t\t<\/sr7-module>\n\t\t\t\t<script>\n\t\t\t\t\tSR7.PMH ??={}; SR7.PMH[\"SR7_1_1\"] = {cn:0,state:false,fn: function() { if (_tpt!==undefined && _tpt.prepareModuleHeight !== undefined) {  _tpt.prepareModuleHeight({id:\"SR7_1_1\",el:[600,600,600,660,620],type:'hero',shdw:'0',gh:[600,600,640,480,200],gw:[1920,1920,1024,774,480],vpt:['-200px&#039;,&#039;-200px&#039;,&#039;-200px&#039;,&#039;-200px&#039;,&#039;-200px'],size:{fullWidth:false, fullHeight:false},mh:'0',onh:0,onw:360,bg:{color:'{\"orig\":\"transparent\",\"type\":\"solid\",\"string\":\"transparent\"}'},plType:'-1',plColor:'#FFFFFF'});   SR7.PMH[\"SR7_1_1\"].state=true;} else if((SR7.PMH[\"SR7_1_1\"].cn++)<100)\tsetTimeout( SR7.PMH[\"SR7_1_1\"].fn,19);}};SR7.PMH[\"SR7_1_1\" ].fn();\n\t\t\t\t<\/script>\n[\/vc_column_text][\/vc_column][\/vc_row][vc_row wrap_container=&#8221;yes&#8221; content_placement=&#8221;middle&#8221; disable_element=&#8221;yes&#8221; el_class=&#8221;pt-4&#8243; css=&#8221;.vc_custom_1708458458972{border-bottom-width: 1px !important;padding-bottom: 80px !important;border-bottom-color: rgba(0,0,0,0.06) !important;border-bottom-style: solid !important;}&#8221; conditional_render=&#8221;%5B%7B%22value_role%22%3A%22administrator%22%7D%5D&#8221;][vc_column el_class=&#8221;mb-5 mb-lg-0&#8243; offset=&#8221;vc_col-md-6&#8243;][vc_custom_heading text=&#8221;M\u00fcvekkillerimiz bizim odak noktam\u0131zd\u0131r.&#8221; font_container=&#8221;tag:h2|font_size:38.5|text_align:left&#8221; use_theme_fonts=&#8221;yes&#8221; font_weight=&#8221;700&#8243; skin=&#8221;dark&#8221; animation_delay=&#8221;200&#8243; el_class=&#8221;mb-4 pt-1&#8243; animation_type=&#8221;fadeInUp&#8221;][vc_custom_heading text=&#8221;Bize tevdi edilen vekaletlerin h\u0131zl\u0131, titiz, yetkin, ba\u015far\u0131l\u0131 ve sorumlu bir \u015fekilde yerine getirilmesi bizim i\u00e7in bir g\u00f6revdir, zira b\u00fcromuza duydu\u011funuz g\u00fcvene lay\u0131k olmakla y\u00fck\u00fcml\u00fcy\u00fcz.&#8221; font_container=&#8221;tag:p|text_align:left|line_height:1.9&#8243; use_theme_fonts=&#8221;yes&#8221; font_weight=&#8221;300&#8243; animation_delay=&#8221;400&#8243; el_class=&#8221;mb-4&#8243; animation_type=&#8221;fadeInUp&#8221;][vc_custom_heading text=&#8221;G\u00fcveniniz ve memnuniyetiniz<br \/>bizim en \u00f6nemli hedefimizdir.&#8221; font_container=&#8221;tag:p|text_align:left|color:%23969696&#8243; use_theme_fonts=&#8221;yes&#8221; letter_spacing=&#8221;2.5px&#8221; animation_delay=&#8221;600&#8243; el_class=&#8221;mb-3&#8243; animation_type=&#8221;fadeInUp&#8221;][\/vc_column][vc_column width=&#8221;5\/6&#8243; el_class=&#8221;ps-lg-5 p-relative-column mx-auto&#8221; offset=&#8221;vc_col-md-6&#8243;]<div class=\"porto-ultimate-content-box-container empty-img-floating\"><style>.porto_ucb_21b6bf01188be9ba0119a2cb5c097588{will-change: box-shadow;box-shadow: none;}.porto_ucb_21b6bf01188be9ba0119a2cb5c097588:hover{box-shadow:none}<\/style><div class=\"porto-ultimate-content-box porto_ucb_21b6bf01188be9ba0119a2cb5c097588\" style=\"\">[vc_single_image image=&#8221;1347&#8243; alignment=&#8221;center&#8221; animation_delay=&#8221;1100&#8243; floating_start_pos=&#8221;top&#8221; floating_speed=&#8221;3&#8243; el_class=&#8221;bg-primary h-100&#8243;]<\/div><\/div>[vc_single_image image=&#8221;1333&#8243; img_size=&#8221;full&#8221; alignment=&#8221;center&#8221; animation_delay=&#8221;900&#8243; floating_start_pos=&#8221;top&#8221; floating_speed=&#8221;6&#8243; el_class=&#8221;position-relative z-index-1&#8243;][\/vc_column][\/vc_row][vc_row wrap_container=&#8221;yes&#8221; css=&#8221;.vc_custom_1717417199903{margin-top: -70px !important;border-bottom-width: 1px !important;padding-bottom: 80px !important;}&#8221; conditional_render=&#8221;%5B%7B%22value_role%22%3A%22administrator%22%7D%5D&#8221;][vc_column width=&#8221;1\/6&#8243;][\/vc_column][vc_column width=&#8221;4\/6&#8243;][vc_empty_space height=&#8221;52px&#8221;][vc_custom_heading text=&#8221;M\u00fcvekkillerimiz bizim odak noktam\u0131zd\u0131r.&#8221; font_container=&#8221;tag:h2|font_size:38.5|text_align:center&#8221; use_theme_fonts=&#8221;yes&#8221; font_weight=&#8221;700&#8243; skin=&#8221;dark&#8221; animation_delay=&#8221;200&#8243; el_class=&#8221;mb-4 pt-1&#8243; animation_type=&#8221;fadeInUp&#8221;][vc_custom_heading text=&#8221;Bize tevdi edilen vekaletlerin h\u0131zl\u0131, titiz, yetkin, ba\u015far\u0131l\u0131 ve sorumlu bir \u015fekilde yerine getirilmesi bizim i\u00e7in bir g\u00f6revdir, zira b\u00fcromuza duydu\u011funuz g\u00fcvene lay\u0131k olmakla y\u00fck\u00fcml\u00fcy\u00fcz.&#8221; font_container=&#8221;tag:p|text_align:center|line_height:1.9&#8243; use_theme_fonts=&#8221;yes&#8221; font_weight=&#8221;300&#8243; animation_delay=&#8221;400&#8243; el_class=&#8221;mb-4&#8243; animation_type=&#8221;fadeInUp&#8221;][vc_custom_heading text=&#8221;G\u00fcveniniz ve memnuniyetiniz<br \/>bizim en \u00f6nemli hedefimizdir.&#8221; font_container=&#8221;tag:p|text_align:center|color:%23969696&#8243; use_theme_fonts=&#8221;yes&#8221; letter_spacing=&#8221;2.5px&#8221; animation_delay=&#8221;600&#8243; el_class=&#8221;mb-3&#8243; animation_type=&#8221;fadeInUp&#8221;][\/vc_column][vc_column width=&#8221;1\/6&#8243;][\/vc_column][\/vc_row][vc_row wrap_container=&#8221;yes&#8221; disable_element=&#8221;yes&#8221; el_class=&#8221;brand-grid py-5 my-5&#8243; conditional_render=&#8221;%5B%7B%22value_role%22%3A%22administrator%22%7D%5D&#8221;][vc_column width=&#8221;1\/3&#8243; animation_delay=&#8221;600&#8243; offset=&#8221;vc_col-lg-2 vc_col-xs-6&#8243; animation_type=&#8221;fadeInRight&#8221; el_class=&#8221;mb-5 mb-xl-0&#8243;][vc_single_image image=&#8221;603&#8243; img_size=&#8221;full&#8221; alignment=&#8221;center&#8221; el_class=&#8221;mb-0&#8243;][\/vc_column][vc_column width=&#8221;1\/3&#8243; animation_delay=&#8221;400&#8243; offset=&#8221;vc_col-lg-2 vc_col-xs-6&#8243; animation_type=&#8221;fadeInRight&#8221; el_class=&#8221;mb-5 mb-xl-0&#8243;][vc_single_image image=&#8221;604&#8243; img_size=&#8221;full&#8221; alignment=&#8221;center&#8221; el_class=&#8221;mb-0&#8243;][\/vc_column][vc_column width=&#8221;1\/3&#8243; animation_delay=&#8221;200&#8243; offset=&#8221;vc_col-lg-2 vc_col-xs-6&#8243; animation_type=&#8221;fadeInRight&#8221; el_class=&#8221;mb-5 mb-xl-0&#8243;][vc_single_image image=&#8221;605&#8243; img_size=&#8221;full&#8221; alignment=&#8221;center&#8221; el_class=&#8221;mb-0&#8243;][\/vc_column][vc_column width=&#8221;1\/3&#8243; animation_delay=&#8221;200&#8243; offset=&#8221;vc_col-lg-2 vc_col-xs-6&#8243; animation_type=&#8221;fadeInLeft&#8221; el_class=&#8221;mb-5 mb-xl-0&#8243;][vc_single_image image=&#8221;606&#8243; img_size=&#8221;full&#8221; alignment=&#8221;center&#8221; el_class=&#8221;mb-0&#8243;][\/vc_column][vc_column width=&#8221;1\/3&#8243; animation_delay=&#8221;400&#8243; offset=&#8221;vc_col-lg-2 vc_col-xs-6&#8243; animation_type=&#8221;fadeInLeft&#8221; el_class=&#8221;mb-5 mb-xl-0&#8243;][vc_single_image image=&#8221;607&#8243; img_size=&#8221;full&#8221; alignment=&#8221;center&#8221; el_class=&#8221;mb-0&#8243;][\/vc_column][vc_column width=&#8221;1\/3&#8243; animation_delay=&#8221;600&#8243; offset=&#8221;vc_col-lg-2 vc_col-xs-6&#8243; animation_type=&#8221;fadeInLeft&#8221; el_class=&#8221;mb-5 mb-xl-0&#8243;][vc_single_image image=&#8221;608&#8243; img_size=&#8221;full&#8221; alignment=&#8221;center&#8221; el_class=&#8221;mb-0&#8243;][\/vc_column][\/vc_row][vc_row wrap_container=&#8221;yes&#8221; disable_element=&#8221;yes&#8221; css=&#8221;.vc_custom_1708458547595{padding-top: 50px !important;padding-bottom: 50px !important;background-image: url(\/\/sw-themes.com\/porto_dummy\/wp-content\/uploads\/2020\/12\/background-1-1.jpg?id=614) !important;background-position: center !important;background-repeat: no-repeat !important;background-size: cover !important;}&#8221; el_class=&#8221;overlay-dark&#8221; conditional_render=&#8221;%5B%7B%22value_role%22%3A%22administrator%22%7D%5D&#8221;][vc_column el_class=&#8221;pt-5 pb-3&#8243;][vc_custom_heading text=&#8221;NEDEN B\u0130Z&#8221; font_container=&#8221;tag:h3|font_size:32|text_align:center|line_height:42px&#8221; use_theme_fonts=&#8221;yes&#8221; text_transform=&#8221;text-uppercase&#8221; font_weight=&#8221;600&#8243; skin=&#8221;light&#8221; el_class=&#8221;mb-2&#8243;][vc_row_inner el_class=&#8221;pt-4 my-3&#8243;][vc_column_inner width=&#8221;1\/2&#8243; offset=&#8221;vc_col-md-3&#8243;]<div class=\"stats-block stats-top   wpb_custom_a517333ace5b1666c6af8bd4684f1de9\"><div class=\"stats-desc\"><div id=\"counter_47295851869ef65a32c6b1\" data-id=\"counter_47295851869ef65a32c6b1\" class=\"stats-number\" style=\" font-size:4em;line-height:1.2;color:#ffffff;\" data-speed=\"3\" data-counter-value=\"50\" data-separator=\",\" data-decimal=\".\">0<\/div><div class=\"counter_suffix mycust\" style=\" font-size:4em;color:#ad9263\">+<\/div><div class=\"stats-text\" style=\"font-weight:700;font-size:1.2em;line-height:15px;color:#ffffff;\">\u0130\u015f Y\u0131l\u0131<\/div><\/div><\/div>[\/vc_column_inner][vc_column_inner width=&#8221;1\/2&#8243; offset=&#8221;vc_col-md-3&#8243;]<div class=\"stats-block stats-top   wpb_custom_a517333ace5b1666c6af8bd4684f1de9\"><div class=\"stats-desc\"><div id=\"counter_202269101269ef65a32ca13\" data-id=\"counter_202269101269ef65a32ca13\" class=\"stats-number\" style=\" font-size:4em;line-height:1.2;color:#ffffff;\" data-speed=\"3\" data-counter-value=\"240\" data-separator=\",\" data-decimal=\".\">0<\/div><div class=\"counter_suffix mycust\" style=\" font-size:4em;color:#ad9263\">+<\/div><div class=\"stats-text\" style=\"font-weight:700;font-size:1.2em;line-height:15px;color:#ffffff;\">Memnun M\u00fcvekkiller<\/div><\/div><\/div>[\/vc_column_inner][vc_column_inner width=&#8221;1\/2&#8243; offset=&#8221;vc_col-md-3&#8243;]<div class=\"stats-block stats-top   wpb_custom_a517333ace5b1666c6af8bd4684f1de9\"><div class=\"stats-desc\"><div id=\"counter_2600845569ef65a32cd06\" data-id=\"counter_2600845569ef65a32cd06\" class=\"stats-number\" style=\" font-size:4em;line-height:1.2;color:#ffffff;\" data-speed=\"3\" data-counter-value=\"2000\" data-separator=\"none\" data-decimal=\".\">0<\/div><div class=\"counter_suffix mycust\" style=\" font-size:4em;color:#ad9263\">+<\/div><div class=\"stats-text\" style=\"font-weight:700;font-size:1.2em;line-height:15px;color:#ffffff;\">Ba\u015far\u0131l\u0131 Davalar<\/div><\/div><\/div>[\/vc_column_inner][vc_column_inner width=&#8221;1\/2&#8243; offset=&#8221;vc_col-md-3&#8243;]<div class=\"stats-block stats-top   wpb_custom_a517333ace5b1666c6af8bd4684f1de9\"><div class=\"stats-desc\"><div id=\"counter_100373803569ef65a32d028\" data-id=\"counter_100373803569ef65a32d028\" class=\"stats-number\" style=\" font-size:4em;line-height:1.2;color:#ffffff;\" data-speed=\"3\" data-counter-value=\"20\" data-separator=\",\" data-decimal=\".\">0<\/div><div class=\"counter_suffix mycust\" style=\" font-size:4em;color:#ad9263\">+<\/div><div class=\"stats-text\" style=\"font-weight:700;font-size:1.2em;line-height:15px;color:#ffffff;\">Profesyonel Avukatlar<\/div><\/div><\/div>[\/vc_column_inner][\/vc_row_inner][\/vc_column][\/vc_row]<\/p>\n<\/div>","protected":false},"excerpt":{"rendered":"<p>[vc_row full_width=&#8221;stretch_row&#8221; no_padding=&#8221;yes&#8221; full_height=&#8221;yes&#8221; disable_element=&#8221;yes&#8221; css=&#8221;.vc_custom_1717413080365{margin-top: -20px !important;}&#8221; conditional_render=&#8221;%5B%7B%22value_role%22%3A%22administrator%22%7D%5D&#8221;][vc_column][\/vc_column][\/vc_row][vc_row full_width=&#8221;stretch_row&#8221; no_padding=&#8221;yes&#8221; css=&#8221;.vc_custom_1717417039472{margin-top: -20px !important;}&#8221; conditional_render=&#8221;%5B%7B%22value_role%22%3A%22administrator%22%7D%5D&#8221;][vc_column][vc_column_text][\/vc_column_text][\/vc_column][\/vc_row][vc_row wrap_container=&#8221;yes&#8221; content_placement=&#8221;middle&#8221; disable_element=&#8221;yes&#8221; el_class=&#8221;pt-4&#8243; css=&#8221;.vc_custom_1708458458972{border-bottom-width: 1px !important;padding-bottom: 80px !important;border-bottom-color: rgba(0,0,0,0.06) !important;border-bottom-style: solid !important;}&#8221; conditional_render=&#8221;%5B%7B%22value_role%22%3A%22administrator%22%7D%5D&#8221;][vc_column el_class=&#8221;mb-5 mb-lg-0&#8243; offset=&#8221;vc_col-md-6&#8243;][vc_custom_heading text=&#8221;M\u00fcvekkillerimiz bizim odak noktam\u0131zd\u0131r.&#8221; font_container=&#8221;tag:h2|font_size:38.5|text_align:left&#8221; use_theme_fonts=&#8221;yes&#8221; font_weight=&#8221;700&#8243; skin=&#8221;dark&#8221; animation_delay=&#8221;200&#8243; el_class=&#8221;mb-4 pt-1&#8243; animation_type=&#8221;fadeInUp&#8221;][vc_custom_heading text=&#8221;Bize tevdi edilen vekaletlerin h\u0131zl\u0131, titiz, yetkin, ba\u015far\u0131l\u0131 ve sorumlu bir [&hellip;]<\/p>\n","protected":false},"author":1,"featured_media":0,"parent":0,"menu_order":0,"comment_status":"closed","ping_status":"closed","template":"","meta":{"_acf_changed":false,"footnotes":""},"class_list":["post-1330","page","type-page","status-publish","hentry"],"acf":[],"_links":{"self":[{"href":"https:\/\/sanas-legal.de\/tr\/wp-json\/wp\/v2\/pages\/1330","targetHints":{"allow":["GET"]}}],"collection":[{"href":"https:\/\/sanas-legal.de\/tr\/wp-json\/wp\/v2\/pages"}],"about":[{"href":"https:\/\/sanas-legal.de\/tr\/wp-json\/wp\/v2\/types\/page"}],"author":[{"embeddable":true,"href":"https:\/\/sanas-legal.de\/tr\/wp-json\/wp\/v2\/users\/1"}],"replies":[{"embeddable":true,"href":"https:\/\/sanas-legal.de\/tr\/wp-json\/wp\/v2\/comments?post=1330"}],"version-history":[{"count":3,"href":"https:\/\/sanas-legal.de\/tr\/wp-json\/wp\/v2\/pages\/1330\/revisions"}],"predecessor-version":[{"id":1350,"href":"https:\/\/sanas-legal.de\/tr\/wp-json\/wp\/v2\/pages\/1330\/revisions\/1350"}],"wp:attachment":[{"href":"https:\/\/sanas-legal.de\/tr\/wp-json\/wp\/v2\/media?parent=1330"}],"curies":[{"name":"wp","href":"https:\/\/api.w.org\/{rel}","templated":true}]}}