{"id":1352,"date":"2020-12-15T05:26:32","date_gmt":"2020-12-15T04:26:32","guid":{"rendered":"https:\/\/sanas-legal.de\/hakkimizda\/"},"modified":"2026-02-28T12:25:13","modified_gmt":"2026-02-28T11:25:13","slug":"hakkimizda","status":"publish","type":"page","link":"https:\/\/sanas-legal.de\/tr\/hakkimizda\/","title":{"rendered":"Hakk\u0131m\u0131zda"},"content":{"rendered":"<div class=\"wpb-content-wrapper\"><p>[vc_row wrap_container=&#8221;yes&#8221; css=&#8221;.vc_custom_1708648687319{border-bottom-width: 1px !important;border-bottom-color: rgba(0,0,0,0.06) !important;border-bottom-style: solid !important;}&#8221; conditional_render=&#8221;%5B%7B%22value_role%22%3A%22administrator%22%7D%5D&#8221;][vc_column][vc_empty_space height=&#8221;52px&#8221;][vc_custom_heading text=&#8221;B\u00fcro tarih\u00e7esi&#8221; font_container=&#8221;tag:h2|font_size:38.5|text_align:left&#8221; use_theme_fonts=&#8221;yes&#8221; font_weight=&#8221;700&#8243; skin=&#8221;dark&#8221; el_class=&#8221;mb-4 py-2&#8243;][vc_custom_heading text=&#8221;SANAS Avukatl\u0131k B\u00fcrosu, M\u00fcnih\u2019teki SAS Rechtsanw\u00e4lte hukuk b\u00fcrosunun, Demirci Dr. Nal b\u00fcrosunun eski orta\u011f\u0131 Avukat Dr. Temel Nal ve daha \u00f6nce ba\u011f\u0131ms\u0131z olarak \u00e7al\u0131\u015fan Avukat Serdal Altunta\u015f ile birle\u015fmesi kapsam\u0131nda 2009 y\u0131l\u0131n\u0131n ba\u015f\u0131nda kurulmu\u015ftur.<\/p>\n<p>SANAS b\u00fcro ad\u0131, ba\u015flang\u0131\u00e7ta be\u015f kurucu orta\u011f\u0131n soyadlar\u0131n\u0131n ilk harflerinden olu\u015fmaktad\u0131r.<\/p>\n<p>B\u00fcromuz, 2005 y\u0131l\u0131ndan bu yana M\u00fcnih T\u00fcrk Ba\u015fkonsoloslu\u011fu\u2019nun g\u00fcven avukatl\u0131\u011f\u0131n\u0131 y\u00fcr\u00fctmektedir.<\/p>\n<p>B\u00fcromuzdaki t\u00fcm meslekta\u015flar\u0131m\u0131z Almanca ve T\u00fcrk\u00e7eyi ana dili d\u00fczeyinde bilmekte ve \u00e7ok iyi \u0130ngilizce bilgisine sahiptir.&#8221; font_container=&#8221;tag:p|text_align:left|line_height:1.9&#8243; use_theme_fonts=&#8221;yes&#8221; el_class=&#8221;mb-4&#8243;][vc_empty_space height=&#8221;22px&#8221;][vc_custom_heading text=&#8221;\u0130\u015f birlikleri&#8221; font_container=&#8221;tag:h2|font_size:38.5|text_align:left&#8221; use_theme_fonts=&#8221;yes&#8221; font_weight=&#8221;700&#8243; skin=&#8221;dark&#8221; el_class=&#8221;mb-4 py-2&#8243;][vc_custom_heading text=&#8221;Uzmanl\u0131k alanlar\u0131m\u0131za girmeyen hukuk dallar\u0131ndaki sorularda, geni\u015f ba\u011flant\u0131lar\u0131m\u0131z sayesinde uzmanla\u015fm\u0131\u015f b\u00fcrolar veya meslekta\u015flar taraf\u0131ndan desteklenmekteyiz.<\/p>\n<p>Ayr\u0131ca kapsaml\u0131 s\u0131n\u0131r \u00f6tesi dosyalar\u0131n y\u00fcr\u00fct\u00fclmesi i\u00e7in, T\u00fcrkiye\u2019nin t\u00fcm b\u00fcy\u00fck \u015fehirlerinde; \u00f6zellikle \u0130stanbul, Ankara, \u0130zmir, Denizli, Kayseri, Samsun, Trabzon, Adana ve Antalya\u2019da ticaret hukuku, miras hukuku, aile hukuku ve medeni hukuk alanlar\u0131nda faaliyet g\u00f6steren hukuk b\u00fcrolar\u0131yla d\u00fczenli ve i\u015f birli\u011fine dayal\u0131 bir \u00e7al\u0131\u015fma y\u00fcr\u00fctmekteyiz.<\/p>\n<p>\u0130lgili meslek kurallar\u0131 gere\u011fi, bu noktada ne yaz\u0131k ki bu muhabir b\u00fcrolar\u0131 isimleriyle belirtemiyoruz; ancak talep edilmesi h\u00e2linde elbette payla\u015fabiliriz.<\/p>\n<p>Bu meslekta\u015flar\u0131m\u0131z, m\u00fcvekkillerimizi ilgili yabanc\u0131 mahkemeler nezdinde de g\u00fcvenilir ve yetkin \u015fekilde temsil etmektedir.&#8221; font_container=&#8221;tag:p|text_align:left|line_height:1.9&#8243; use_theme_fonts=&#8221;yes&#8221; el_class=&#8221;mb-4&#8243;][vc_empty_space][\/vc_column][\/vc_row][vc_row wrap_container=&#8221;yes&#8221; conditional_render=&#8221;%5B%7B%22value_role%22%3A%22administrator%22%7D%5D&#8221;][vc_column el_class=&#8221;mb-5 mb-lg-0&#8243; offset=&#8221;vc_col-md-6&#8243;][vc_empty_space][vc_custom_heading text=&#8221;B\u00fcro felsefesi&#8221; font_container=&#8221;tag:h2|font_size:38.5|text_align:left&#8221; use_theme_fonts=&#8221;yes&#8221; font_weight=&#8221;700&#8243; skin=&#8221;dark&#8221; animation_delay=&#8221;200&#8243; el_class=&#8221;mb-4 pt-1&#8243; animation_type=&#8221;fadeInUp&#8221;][vc_custom_heading text=&#8221;Bize tevdi edilen vek\u00e2letlerin h\u0131zl\u0131, titiz, yetkin, ba\u015far\u0131 odakl\u0131 ve sorumluluk bilinciyle sonu\u00e7land\u0131r\u0131lmas\u0131 bizim i\u00e7in esast\u0131r; zira b\u00fcromuza duydu\u011funuz g\u00fcvene lay\u0131k olmay\u0131 kendimize g\u00f6rev biliriz.<\/p>\n<p>Talebinize bireysel, ciddi, ger\u00e7ek\u00e7i ve objektif bir yakla\u015f\u0131mla hareket ederiz.<\/p>\n<p>Bu nedenle ger\u00e7ek\u00e7i olmayan vaatler ilkelerimize ayk\u0131r\u0131d\u0131r.&#8221; font_container=&#8221;tag:p|text_align:left|line_height:1.9&#8243; use_theme_fonts=&#8221;yes&#8221; font_weight=&#8221;300&#8243; animation_delay=&#8221;400&#8243; el_class=&#8221;mb-4&#8243; animation_type=&#8221;fadeInUp&#8221;][vc_custom_heading text=&#8221;M\u00fcvekkillerimiz bizim i\u00e7in her zaman \u00f6n plandad\u0131r.<br \/>G\u00fcveniniz ve memnuniyetiniz<br \/>en \u00f6nemli hedefimizdir.&#8221; font_container=&#8221;tag:p|text_align:left|color:%23969696&#8243; use_theme_fonts=&#8221;yes&#8221; letter_spacing=&#8221;2.5px&#8221; animation_delay=&#8221;600&#8243; el_class=&#8221;mb-3&#8243; animation_type=&#8221;fadeInUp&#8221;][vc_empty_space height=&#8221;102px&#8221;][\/vc_column][vc_column width=&#8221;5\/6&#8243; el_class=&#8221;ps-lg-5 p-relative-column mx-auto&#8221; offset=&#8221;vc_col-md-6&#8243;][vc_empty_space]<div class=\"porto-ultimate-content-box-container empty-img-floating\"><style>.porto_ucb_21b6bf01188be9ba0119a2cb5c097588{will-change: box-shadow;box-shadow: none;}.porto_ucb_21b6bf01188be9ba0119a2cb5c097588:hover{box-shadow:none}<\/style><div class=\"porto-ultimate-content-box porto_ucb_21b6bf01188be9ba0119a2cb5c097588\" style=\"\">[vc_single_image alignment=&#8221;center&#8221; animation_delay=&#8221;1100&#8243; floating_start_pos=&#8221;top&#8221; floating_speed=&#8221;3&#8243; el_class=&#8221;bg-primary h-100&#8243;]<\/div><\/div>[vc_single_image image=&#8221;1251&#8243; img_size=&#8221;full&#8221; alignment=&#8221;center&#8221; animation_delay=&#8221;900&#8243; floating_start_pos=&#8221;top&#8221; floating_speed=&#8221;6&#8243; el_class=&#8221;position-relative z-index-1&#8243; label=&#8221;&#8221;][\/vc_column][\/vc_row][vc_row wrap_container=&#8221;yes&#8221; disable_element=&#8221;yes&#8221; animation_delay=&#8221;300&#8243; el_class=&#8221;overlay-dark&#8221; css=&#8221;.vc_custom_1708648480261{padding-top: 105px !important;padding-bottom: 55px !important;background: #393c40 url(\/\/sw-themes.com\/porto_dummy\/wp-content\/uploads\/2020\/12\/background-1.jpg?id=126) !important;}&#8221; animation_type=&#8221;fadeIn&#8221; conditional_render=&#8221;%5B%7B%22value_role%22%3A%22administrator%22%7D%5D&#8221;][vc_column][vc_custom_heading text=&#8221;Fark\u0131m\u0131z&#8221; font_container=&#8221;tag:h4|font_size:1.2em|text_align:center&#8221; use_theme_fonts=&#8221;yes&#8221; text_transform=&#8221;text-uppercase&#8221; font_weight=&#8221;600&#8243; skin=&#8221;primary&#8221; letter_spacing=&#8221;-0.05em&#8221; el_class=&#8221;mb-3&#8243;][vc_custom_heading text=&#8221;\u015eirket Bilgileri&#8221; font_container=&#8221;tag:h2|font_size:2.75em|text_align:center|line_height:24px&#8221; use_theme_fonts=&#8221;yes&#8221; text_transform=&#8221;text-capitalize&#8221; font_weight=&#8221;700&#8243; skin=&#8221;light&#8221; letter_spacing=&#8221;-1px&#8221; el_class=&#8221;pb-3 mb-5 font-style-normal&#8221;][vc_custom_heading text=&#8221;Lorem ipsum dolor sit amet, consectetur adipiscing elit. Sed imperdiet libero id nisi euismod, sed porta est consectetur. Vestibulum auctor felis eget orci semper vestibulum. Pellentesque ultricies nibh gravida, accumsan libero luctus, molestie nunc. In nibh ipsum, blandit id faucibus ac, finibus vitae dui.    &#8221; font_container=&#8221;tag:p|font_size:1.2em|text_align:center|line_height:26px&#8221; use_theme_fonts=&#8221;yes&#8221; skin=&#8221;light&#8221; el_class=&#8221;mx-auto mb-3 col-md-11 px-0&#8243;][vc_row_inner el_class=&#8221;pt-5 pb-4&#8243;][vc_column_inner width=&#8221;1\/2&#8243; offset=&#8221;vc_col-md-3&#8243;]<div class=\"stats-block stats-top   wpb_custom_a517333ace5b1666c6af8bd4684f1de9\"><div class=\"stats-desc\"><div id=\"counter_56008328869ef7cbe54a1f\" data-id=\"counter_56008328869ef7cbe54a1f\" class=\"stats-number\" style=\" font-size:4em;line-height:1.2;color:#ffffff;\" data-speed=\"3\" data-counter-value=\"50\" data-separator=\",\" data-decimal=\".\">0<\/div><div class=\"counter_suffix mycust\" style=\" font-size:4em;color:#ad9263\">+<\/div><div class=\"stats-text\" style=\"font-weight:700;font-size:1.2em;line-height:15px;color:#ffffff;\">Faaliyet Y\u0131l\u0131<\/div><\/div><\/div>[\/vc_column_inner][vc_column_inner width=&#8221;1\/2&#8243; offset=&#8221;vc_col-md-3&#8243;]<div class=\"stats-block stats-top   wpb_custom_a517333ace5b1666c6af8bd4684f1de9\"><div class=\"stats-desc\"><div id=\"counter_193297755569ef7cbe54d47\" data-id=\"counter_193297755569ef7cbe54d47\" class=\"stats-number\" style=\" font-size:4em;line-height:1.2;color:#ffffff;\" data-speed=\"3\" data-counter-value=\"240\" data-separator=\",\" data-decimal=\".\">0<\/div><div class=\"counter_suffix mycust\" style=\" font-size:4em;color:#ad9263\">+<\/div><div class=\"stats-text\" style=\"font-weight:700;font-size:1.2em;line-height:15px;color:#ffffff;\">Memnun M\u00fcvekkiller<\/div><\/div><\/div>[\/vc_column_inner][vc_column_inner width=&#8221;1\/2&#8243; offset=&#8221;vc_col-md-3&#8243;]<div class=\"stats-block stats-top   wpb_custom_a517333ace5b1666c6af8bd4684f1de9\"><div class=\"stats-desc\"><div id=\"counter_849516969ef7cbe5501f\" data-id=\"counter_849516969ef7cbe5501f\" class=\"stats-number\" style=\" font-size:4em;line-height:1.2;color:#ffffff;\" data-speed=\"3\" data-counter-value=\"2000\" data-separator=\",\" data-decimal=\".\">0<\/div><div class=\"counter_suffix mycust\" style=\" font-size:4em;color:#ad9263\">+<\/div><div class=\"stats-text\" style=\"font-weight:700;font-size:1.2em;line-height:15px;color:#ffffff;\">Ba\u015far\u0131l\u0131 Davalar<\/div><\/div><\/div>[\/vc_column_inner][vc_column_inner width=&#8221;1\/2&#8243; offset=&#8221;vc_col-md-3&#8243;]<div class=\"stats-block stats-top   wpb_custom_a517333ace5b1666c6af8bd4684f1de9\"><div class=\"stats-desc\"><div id=\"counter_165828877669ef7cbe552e3\" data-id=\"counter_165828877669ef7cbe552e3\" class=\"stats-number\" style=\" font-size:4em;line-height:1.2;color:#ffffff;\" data-speed=\"3\" data-counter-value=\"20\" data-separator=\",\" data-decimal=\".\">0<\/div><div class=\"counter_suffix mycust\" style=\" font-size:4em;color:#ad9263\">+<\/div><div class=\"stats-text\" style=\"font-weight:700;font-size:1.2em;line-height:15px;color:#ffffff;\">Profesyonel Avukatlar<\/div><\/div><\/div>[\/vc_column_inner][\/vc_row_inner][\/vc_column][\/vc_row][vc_row wrap_container=&#8221;yes&#8221; gap=&#8221;20&#8243; disable_element=&#8221;yes&#8221; css=&#8221;.vc_custom_1708648514693{padding-top: 65px !important;padding-bottom: 45px !important;background-color: #4e4129 !important;}&#8221; conditional_render=&#8221;%5B%7B%22value_role%22%3A%22administrator%22%7D%5D&#8221;][vc_column width=&#8221;1\/3&#8243;][vc_single_image image=&#8221;154&#8243; img_size=&#8221;full&#8221; alignment=&#8221;center&#8221; onclick=&#8221;img_link_large&#8221; lightbox=&#8221;yes&#8221; image_gallery=&#8221;yes&#8221; zoom_icon=&#8221;yes&#8221; hover_effect=&#8221;yes&#8221; animation_delay=&#8221;200&#8243; css=&#8221;.vc_custom_1608361787193{margin-bottom: 20px !important;}&#8221; animation_type=&#8221;fadeInUp&#8221;][\/vc_column][vc_column width=&#8221;1\/3&#8243;][vc_single_image image=&#8221;154&#8243; img_size=&#8221;full&#8221; alignment=&#8221;center&#8221; onclick=&#8221;img_link_large&#8221; lightbox=&#8221;yes&#8221; image_gallery=&#8221;yes&#8221; zoom_icon=&#8221;yes&#8221; hover_effect=&#8221;yes&#8221; animation_delay=&#8221;200&#8243; css=&#8221;.vc_custom_1608361787193{margin-bottom: 20px !important;}&#8221; animation_type=&#8221;fadeInUp&#8221;][\/vc_column][vc_column width=&#8221;1\/3&#8243;][vc_single_image image=&#8221;156&#8243; img_size=&#8221;full&#8221; alignment=&#8221;center&#8221; onclick=&#8221;img_link_large&#8221; lightbox=&#8221;yes&#8221; image_gallery=&#8221;yes&#8221; zoom_icon=&#8221;yes&#8221; hover_effect=&#8221;yes&#8221; animation_delay=&#8221;600&#8243; css=&#8221;.vc_custom_1608361807497{margin-bottom: 20px !important;}&#8221; animation_type=&#8221;fadeInUp&#8221;][\/vc_column][\/vc_row][vc_row wrap_container=&#8221;yes&#8221; disable_element=&#8221;yes&#8221; el_class=&#8221;my-5 py-5&#8243; conditional_render=&#8221;%5B%7B%22value_role%22%3A%22administrator%22%7D%5D&#8221;][vc_column][vc_custom_heading text=&#8221;Gurur Duyulacak Bir Ge\u00e7mi\u015f&#8221; font_container=&#8221;tag:h3|font_size:3.5em|text_align:center|color:%23212529|line_height:42px&#8221; use_theme_fonts=&#8221;yes&#8221; text_transform=&#8221;text-capitalize&#8221; font_weight=&#8221;400&#8243; el_class=&#8221;pb-5 mb-2 custom-font1 font-style-italic&#8221;][vc_custom_heading text=&#8221;Lorem ipsum dolor sit amet, consectetur adipiscing elit. Sed imperdiet libero id nisi euismod, sed porta est consectetur. Vestibulum auctor felis eget orci semper vestibulum. Pellentesque ultricies nibh gravida, accumsan libero luctus, molestie nunc. Lorem ipsum dolor sit amet, consectetur adipiscing elit. Sed imperdiet libero id nisi euismod, sed porta est consectetur. Vestibulum auctor felis eget orci semper vestibulum. Pellentesque ultricies nibh gravida.       &#8221; font_container=&#8221;tag:p|text_align:left|line_height:1.9&#8243; use_theme_fonts=&#8221;yes&#8221; el_class=&#8221;mb-0&#8243;]<style>.porto-info-list2d5c243276ddd5571cd101d472689370 i { color: #212529;font-size: 14px; }<\/style><ul class=\"porto-info-list d-flex flex-wrap justify-content-lg-between py-4 mt-2 mb-2 proud-list porto-info-list2d5c243276ddd5571cd101d472689370 wpb_custom_80daadfb6ef5c4a526aad584f950e344\"><li class=\"porto-info-list-item me-4 wpb_custom_205edc6de9e53bd4458e8a5265d85879\"><i class=\"porto-info-icon fas fa-check\"><\/i><div class=\"porto-info-list-item-desc\">Pellentesque ultricies nibh<\/div><\/li><li class=\"porto-info-list-item me-4 wpb_custom_205edc6de9e53bd4458e8a5265d85879\"><i class=\"porto-info-icon fas fa-check\"><\/i><div class=\"porto-info-list-item-desc\">Ultricies nibh pellen<\/div><\/li><li class=\"porto-info-list-item me-4 wpb_custom_205edc6de9e53bd4458e8a5265d85879\"><i class=\"porto-info-icon fas fa-check\"><\/i><div class=\"porto-info-list-item-desc\">Ultricies nibh<\/div><\/li><li class=\"porto-info-list-item me-4 wpb_custom_205edc6de9e53bd4458e8a5265d85879\"><i class=\"porto-info-icon fas fa-check\"><\/i><div class=\"porto-info-list-item-desc\">Ultricies nibh pellen<\/div><\/li><li class=\"porto-info-list-item  wpb_custom_205edc6de9e53bd4458e8a5265d85879\"><i class=\"porto-info-icon fas fa-check\"><\/i><div class=\"porto-info-list-item-desc\">Pellentesque ultricies nibh<\/div><\/li><\/ul>[vc_row_inner gap=&#8221;20&#8243; el_class=&#8221;proud-card-boxes&#8221;][vc_column_inner el_class=&#8221;m-b-md&#8221; width=&#8221;1\/2&#8243; offset=&#8221;vc_col-md-4&#8243;]<div class=\"porto-sicon-box mb-0  wpb_custom_681965d684938d30d7b94a53f120d4b1 style_1 default-icon flex-wrap\"><div class=\"porto-sicon-header\"><h3 class=\"porto-sicon-title\" style=\"font-weight:700;font-size:28px;color:#ad9263;line-height:1.4;letter-spacing:0;\">2000<\/h3><p style=\"font-weight:700;font-size:1.2em;color:#212529;\">10000+ Dava<\/p><\/div> <!-- header --><div class=\"porto-sicon-description\" style=\"line-height:26px;\">Cras a elit sit amet leo accumsan volutpat. Suspendisse hendrerit vehicula leo, vel efficitur felis ultrices non. Integer aliquet ullamcorper dolor, quis sollicitudin.<\/div> <!-- description --><\/div><!-- porto-sicon-box -->[\/vc_column_inner][vc_column_inner el_class=&#8221;m-b-md&#8221; width=&#8221;1\/2&#8243; offset=&#8221;vc_col-md-4&#8243;]<div class=\"porto-sicon-box mb-0  wpb_custom_681965d684938d30d7b94a53f120d4b1 style_1 default-icon flex-wrap\"><div class=\"porto-sicon-header\"><h3 class=\"porto-sicon-title\" style=\"font-weight:700;font-size:28px;color:#ad9263;line-height:1.4;letter-spacing:0;\">2017<\/h3><p style=\"font-weight:700;font-size:1.2em;color:#212529;\">30+ \u00c7al\u0131\u015fan<\/p><\/div> <!-- header --><div class=\"porto-sicon-description\" style=\"line-height:26px;\">Cras a elit sit amet leo accumsan volutpat. Suspendisse hendrerit vehicula leo, vel efficitur felis ultrices non. Integer aliquet ullamcorper dolor, quis sollicitudin.<\/div> <!-- description --><\/div><!-- porto-sicon-box -->[\/vc_column_inner][vc_column_inner el_class=&#8221;m-b-md&#8221; width=&#8221;1\/2&#8243; offset=&#8221;vc_col-md-4&#8243;]<div class=\"porto-sicon-box mb-0  wpb_custom_681965d684938d30d7b94a53f120d4b1 style_1 default-icon flex-wrap\"><div class=\"porto-sicon-header\"><h3 class=\"porto-sicon-title\" style=\"font-weight:700;font-size:28px;color:#ad9263;line-height:1.4;letter-spacing:0;\">2018<\/h3><p style=\"font-weight:700;font-size:1.2em;color:#212529;\">Yeni Ofis<\/p><\/div> <!-- header --><div class=\"porto-sicon-description\" style=\"line-height:26px;\">Cras a elit sit amet leo accumsan volutpat. Suspendisse hendrerit vehicula leo, vel efficitur felis ultrices non. Integer aliquet ullamcorper dolor, quis sollicitudin.<\/div> <!-- description --><\/div><!-- porto-sicon-box -->[\/vc_column_inner][vc_column_inner el_class=&#8221;m-b-md&#8221; width=&#8221;1\/2&#8243; offset=&#8221;vc_col-md-4&#8243;]<div class=\"porto-sicon-box mb-0  wpb_custom_681965d684938d30d7b94a53f120d4b1 style_1 default-icon flex-wrap\"><div class=\"porto-sicon-header\"><h3 class=\"porto-sicon-title\" style=\"font-weight:700;font-size:28px;color:#ad9263;line-height:1.4;letter-spacing:0;\">1980<\/h3><p style=\"font-weight:700;font-size:1.2em;color:#212529;\">Yeni Ortaklar<\/p><\/div> <!-- header --><div class=\"porto-sicon-description\" style=\"line-height:26px;\">Cras a elit sit amet leo accumsan volutpat. Suspendisse hendrerit vehicula leo, vel efficitur felis ultrices non. Integer aliquet ullamcorper dolor, quis sollicitudin.<\/div> <!-- description --><\/div><!-- porto-sicon-box -->[\/vc_column_inner][vc_column_inner el_class=&#8221;m-b-md&#8221; width=&#8221;1\/2&#8243; offset=&#8221;vc_col-md-4&#8243;]<div class=\"porto-sicon-box mb-0  wpb_custom_681965d684938d30d7b94a53f120d4b1 style_1 default-icon flex-wrap\"><div class=\"porto-sicon-header\"><h3 class=\"porto-sicon-title\" style=\"font-weight:700;font-size:28px;color:#ad9263;line-height:1.4;letter-spacing:0;\">1975<\/h3><p style=\"font-weight:700;font-size:1.2em;color:#212529;\">10+ \u00c7al\u0131\u015fan<\/p><\/div> <!-- header --><div class=\"porto-sicon-description\" style=\"line-height:26px;\">Cras a elit sit amet leo accumsan volutpat. Suspendisse hendrerit vehicula leo, vel efficitur felis ultrices non. Integer aliquet ullamcorper dolor, quis sollicitudin.<\/div> <!-- description --><\/div><!-- porto-sicon-box -->[\/vc_column_inner][vc_column_inner el_class=&#8221;m-b-md&#8221; width=&#8221;1\/2&#8243; offset=&#8221;vc_col-md-4&#8243;]<div class=\"porto-sicon-box mb-0  wpb_custom_681965d684938d30d7b94a53f120d4b1 style_1 default-icon flex-wrap\"><div class=\"porto-sicon-header\"><h3 class=\"porto-sicon-title\" style=\"font-weight:700;font-size:28px;color:#ad9263;line-height:1.4;letter-spacing:0;\">1970<\/h3><p style=\"font-weight:700;font-size:1.2em;color:#212529;\">Kurulu\u015f<\/p><\/div> <!-- header --><div class=\"porto-sicon-description\" style=\"line-height:26px;\">Cras a elit sit amet leo accumsan volutpat. Suspendisse hendrerit vehicula leo, vel efficitur felis ultrices non. Integer aliquet ullamcorper dolor, quis sollicitudin.<\/div> <!-- description --><\/div><!-- porto-sicon-box -->[\/vc_column_inner][\/vc_row_inner][\/vc_column][\/vc_row]<\/p>\n<\/div>","protected":false},"excerpt":{"rendered":"<p>[vc_row wrap_container=&#8221;yes&#8221; css=&#8221;.vc_custom_1708648687319{border-bottom-width: 1px !important;border-bottom-color: rgba(0,0,0,0.06) !important;border-bottom-style: solid !important;}&#8221; conditional_render=&#8221;%5B%7B%22value_role%22%3A%22administrator%22%7D%5D&#8221;][vc_column][vc_empty_space height=&#8221;52px&#8221;][vc_custom_heading text=&#8221;B\u00fcro tarih\u00e7esi&#8221; font_container=&#8221;tag:h2|font_size:38.5|text_align:left&#8221; use_theme_fonts=&#8221;yes&#8221; font_weight=&#8221;700&#8243; skin=&#8221;dark&#8221; el_class=&#8221;mb-4 py-2&#8243;][vc_custom_heading text=&#8221;SANAS Avukatl\u0131k B\u00fcrosu, M\u00fcnih\u2019teki SAS Rechtsanw\u00e4lte hukuk b\u00fcrosunun, Demirci Dr. Nal b\u00fcrosunun eski orta\u011f\u0131 Avukat Dr. Temel Nal ve daha \u00f6nce ba\u011f\u0131ms\u0131z olarak \u00e7al\u0131\u015fan Avukat Serdal Altunta\u015f ile birle\u015fmesi kapsam\u0131nda 2009 y\u0131l\u0131n\u0131n ba\u015f\u0131nda kurulmu\u015ftur. SANAS b\u00fcro [&hellip;]<\/p>\n","protected":false},"author":1,"featured_media":0,"parent":0,"menu_order":0,"comment_status":"closed","ping_status":"closed","template":"","meta":{"_acf_changed":false,"footnotes":""},"class_list":["post-1352","page","type-page","status-publish","hentry"],"acf":[],"_links":{"self":[{"href":"https:\/\/sanas-legal.de\/tr\/wp-json\/wp\/v2\/pages\/1352","targetHints":{"allow":["GET"]}}],"collection":[{"href":"https:\/\/sanas-legal.de\/tr\/wp-json\/wp\/v2\/pages"}],"about":[{"href":"https:\/\/sanas-legal.de\/tr\/wp-json\/wp\/v2\/types\/page"}],"author":[{"embeddable":true,"href":"https:\/\/sanas-legal.de\/tr\/wp-json\/wp\/v2\/users\/1"}],"replies":[{"embeddable":true,"href":"https:\/\/sanas-legal.de\/tr\/wp-json\/wp\/v2\/comments?post=1352"}],"version-history":[{"count":5,"href":"https:\/\/sanas-legal.de\/tr\/wp-json\/wp\/v2\/pages\/1352\/revisions"}],"predecessor-version":[{"id":1363,"href":"https:\/\/sanas-legal.de\/tr\/wp-json\/wp\/v2\/pages\/1352\/revisions\/1363"}],"wp:attachment":[{"href":"https:\/\/sanas-legal.de\/tr\/wp-json\/wp\/v2\/media?parent=1352"}],"curies":[{"name":"wp","href":"https:\/\/api.w.org\/{rel}","templated":true}]}}