{"id":1405,"date":"2020-12-22T06:07:22","date_gmt":"2020-12-22T05:07:22","guid":{"rendered":"https:\/\/sanas-legal.de\/faaliyet-alanlari\/"},"modified":"2026-02-28T12:27:21","modified_gmt":"2026-02-28T11:27:21","slug":"faaliyet-alanlari","status":"publish","type":"page","link":"https:\/\/sanas-legal.de\/tr\/faaliyet-alanlari\/","title":{"rendered":"Faaliyet Alanlar\u0131"},"content":{"rendered":"<div class=\"wpb-content-wrapper\"><p>[vc_row wrap_container=&#8221;yes&#8221; animation_delay=&#8221;200&#8243; animation_type=&#8221;fadeInUp&#8221; conditional_render=&#8221;%5B%7B%22value_role%22%3A%22administrator%22%7D%5D&#8221;][vc_column width=&#8221;1\/2&#8243;][vc_empty_space height=&#8221;52px&#8221;][vc_custom_heading text=&#8221;Alman Hukuku&#8221; font_container=&#8221;tag:h2|font_size:2.75em|text_align:left|line_height:42px&#8221; use_theme_fonts=&#8221;yes&#8221; text_transform=&#8221;text-capitalize&#8221; font_weight=&#8221;700&#8243; el_class=&#8221;pb-2 mb-4&#8243;][vc_empty_space height=&#8221;22px&#8221;][vc_column_text]<\/p>\n<ul class=\"custom_list bullet_6\">\n<li>Genel Medeni Hukuk<\/li>\n<li>\u0130\u015f Hukuku<\/li>\n<li>Yabanc\u0131lar Hukuku<\/li>\n<li>Miras Hukuku<\/li>\n<li>Aile Hukuku<\/li>\n<li>\u015eirketler ve Ticaret Hukuku<\/li>\n<li>Marka ve Patent Hukuku<\/li>\n<li>Ticari Kira Hukuku<\/li>\n<li>Kabahatler Hukuku<\/li>\n<li>Haks\u0131z Rekabet Hukuku<\/li>\n<li>Tazminat Hukuku<\/li>\n<li>Ceza Hukuku<\/li>\n<li>Telif Hukuku<\/li>\n<li>Trafik Hukuku \/ Trafik Kazalar\u0131n\u0131n D\u00fczenlenmesi<\/li>\n<li>T\u00fcketici \u0130flas Prosed\u00fcrleri<\/li>\n<li>\u0130cra Hukuku<\/li>\n<\/ul>\n<p>[\/vc_column_text][vc_empty_space height=&#8221;22px&#8221;][vc_custom_heading text=&#8221;T\u00fcrk Hukuku&#8221; font_container=&#8221;tag:h2|font_size:2.75em|text_align:left|line_height:42px&#8221; use_theme_fonts=&#8221;yes&#8221; text_transform=&#8221;text-capitalize&#8221; font_weight=&#8221;700&#8243; el_class=&#8221;pb-2 mb-4&#8243;][vc_column_text]<\/p>\n<ul class=\"custom_list bullet_6\">\n<li>T\u00fcrk Miras Hukuku<\/li>\n<li>T\u00fcrk Aile Hukuku (\u00f6rn. T\u00fcrkiye&#8217;deki bo\u015fanma davalar\u0131)<\/li>\n<li>T\u00fcrk Gayrimenkul Hukuku<\/li>\n<li>T\u00fcrk Marka Hukuku<\/li>\n<li>T\u00fcrk Telif Hukuku<\/li>\n<li>T\u00fcrk Rekabet Hukuku<\/li>\n<li>T\u00fcrkiye&#8217;de \u015eirket Kurulu\u015flar\u0131<\/li>\n<li>T\u00fcrkiye&#8217;de \u0130cra Takibi<\/li>\n<li>Alman Mahkeme Kararlar\u0131n\u0131n T\u00fcrkiye&#8217;de Tan\u0131nmas\u0131 (\u00f6rn. Alman bo\u015fanma kararlar\u0131n\u0131n tan\u0131nmas\u0131)<\/li>\n<li>T\u00fcrkiye&#8217;de Alacak Tahsili (dava d\u0131\u015f\u0131 ve dava yoluyla)<\/li>\n<li>T\u00fcrkiye&#8217;de Hukuki Ara\u015ft\u0131rmalar (\u00f6rn. T\u00fcrk \u015firketleri hakk\u0131nda ara\u015ft\u0131rmalar, dosya kopyalar\u0131, sicil kay\u0131tlar\u0131, tapu kay\u0131tlar\u0131 vb. temini)<\/li>\n<\/ul>\n<p>[\/vc_column_text][vc_empty_space height=&#8221;22px&#8221;][\/vc_column][vc_column width=&#8221;1\/2&#8243;][vc_empty_space height=&#8221;52px&#8221;][vc_single_image image=&#8221;1252&#8243; img_size=&#8221;full&#8221; style=&#8221;vc_box_rounded&#8221; onclick=&#8221;img_link_large&#8221; lightbox=&#8221;yes&#8221; image_gallery=&#8221;yes&#8221; hover_effect=&#8221;yes&#8221; el_class=&#8221;mb-0&#8243;][vc_empty_space height=&#8221;22px&#8221;][vc_custom_heading text=&#8221;Hizmetlerimiz&#8221; font_container=&#8221;tag:h2|font_size:2.75em|text_align:left|line_height:42px&#8221; use_theme_fonts=&#8221;yes&#8221; text_transform=&#8221;text-capitalize&#8221; font_weight=&#8221;700&#8243; el_class=&#8221;pb-2 mb-4&#8243;][vc_custom_heading text=&#8221;M\u00fcnih&apos;teki hukuk b\u00fcromuzda, deneyimli avukatlar\u0131m\u0131z arac\u0131l\u0131\u011f\u0131yla bir\u00e7ok hukuk alan\u0131nda kapsaml\u0131 ve sorumlu dan\u0131\u015fmanl\u0131k ve temsil hizmetleri sunmaktay\u0131z.<\/p>\n<p>Avukatlar\u0131m\u0131z\u0131n her biri, birka\u00e7 faaliyet alan\u0131na odaklanarak bu hukuk alanlar\u0131nda verimli bir \u015fekilde uzmanla\u015fabilmektedir. \u0130\u00e7 ileti\u015fim sayesinde, birden fazla hukuk alan\u0131yla kesi\u015febilecek hukuki meselelerinizin, olas\u0131 t\u00fcm sorunlar dikkate al\u0131narak her zaman kapsaml\u0131 bir \u015fekilde ele al\u0131nmas\u0131 sa\u011flanmaktad\u0131r.<\/p>\n<p>Almanya&apos;daki avukatl\u0131k faaliyetlerimizin yan\u0131 s\u0131ra, T\u00fcrk hukuku ile ilgili konularda size destek olmak, b\u00fcromuzun \u00f6zel uzmanl\u0131k alanlar\u0131ndan birini olu\u015fturmaktad\u0131r. Bu alanda, bir yandan M\u00fcnih&apos;te, Alman Avukatl\u0131k Kanunu&apos;nun (Bundesrechtsanwaltsordnung) 206. maddesi uyar\u0131nca T\u00fcrk hukuku alan\u0131nda yetkili Avukat P\u0131nar Dirim Han\u0131m ile i\u015f birli\u011fi yapmaktay\u0131z. Ayr\u0131ca, bu alanda T\u00fcrkiye&apos;nin b\u00fcy\u00fck \u015fehirlerindeki hukuk b\u00fcrolar\u0131yla olan iyi i\u015f birli\u011fimizden ve kurucu ortaklar\u0131m\u0131z\u0131n \u00e7ok dillili\u011fi ile k\u00fclt\u00fcrleraras\u0131 yetkinli\u011finden faydalanmaktay\u0131z.&#8221; font_container=&#8221;tag:p|text_align:left&#8221; use_theme_fonts=&#8221;yes&#8221; el_class=&#8221;mb-0&#8243;][\/vc_column][\/vc_row]<\/p>\n<\/div>","protected":false},"excerpt":{"rendered":"<p>[vc_row wrap_container=&#8221;yes&#8221; animation_delay=&#8221;200&#8243; animation_type=&#8221;fadeInUp&#8221; conditional_render=&#8221;%5B%7B%22value_role%22%3A%22administrator%22%7D%5D&#8221;][vc_column width=&#8221;1\/2&#8243;][vc_empty_space height=&#8221;52px&#8221;][vc_custom_heading text=&#8221;Alman Hukuku&#8221; font_container=&#8221;tag:h2|font_size:2.75em|text_align:left|line_height:42px&#8221; use_theme_fonts=&#8221;yes&#8221; text_transform=&#8221;text-capitalize&#8221; font_weight=&#8221;700&#8243; el_class=&#8221;pb-2 mb-4&#8243;][vc_empty_space height=&#8221;22px&#8221;][vc_column_text] Genel Medeni Hukuk \u0130\u015f Hukuku Yabanc\u0131lar Hukuku Miras Hukuku Aile Hukuku \u015eirketler ve Ticaret Hukuku Marka ve Patent Hukuku Ticari Kira Hukuku Kabahatler Hukuku Haks\u0131z Rekabet Hukuku Tazminat Hukuku Ceza Hukuku Telif Hukuku Trafik Hukuku \/ Trafik Kazalar\u0131n\u0131n D\u00fczenlenmesi [&hellip;]<\/p>\n","protected":false},"author":1,"featured_media":0,"parent":0,"menu_order":0,"comment_status":"closed","ping_status":"closed","template":"","meta":{"_acf_changed":false,"footnotes":""},"class_list":["post-1405","page","type-page","status-publish","hentry"],"acf":[],"_links":{"self":[{"href":"https:\/\/sanas-legal.de\/tr\/wp-json\/wp\/v2\/pages\/1405","targetHints":{"allow":["GET"]}}],"collection":[{"href":"https:\/\/sanas-legal.de\/tr\/wp-json\/wp\/v2\/pages"}],"about":[{"href":"https:\/\/sanas-legal.de\/tr\/wp-json\/wp\/v2\/types\/page"}],"author":[{"embeddable":true,"href":"https:\/\/sanas-legal.de\/tr\/wp-json\/wp\/v2\/users\/1"}],"replies":[{"embeddable":true,"href":"https:\/\/sanas-legal.de\/tr\/wp-json\/wp\/v2\/comments?post=1405"}],"version-history":[{"count":2,"href":"https:\/\/sanas-legal.de\/tr\/wp-json\/wp\/v2\/pages\/1405\/revisions"}],"predecessor-version":[{"id":1407,"href":"https:\/\/sanas-legal.de\/tr\/wp-json\/wp\/v2\/pages\/1405\/revisions\/1407"}],"wp:attachment":[{"href":"https:\/\/sanas-legal.de\/tr\/wp-json\/wp\/v2\/media?parent=1405"}],"curies":[{"name":"wp","href":"https:\/\/api.w.org\/{rel}","templated":true}]}}