{"id":1453,"date":"2020-12-15T05:28:13","date_gmt":"2020-12-15T04:28:13","guid":{"rendered":"https:\/\/sanas-legal.de\/iletisim\/"},"modified":"2026-02-28T12:28:57","modified_gmt":"2026-02-28T11:28:57","slug":"iletisim","status":"publish","type":"page","link":"https:\/\/sanas-legal.de\/tr\/iletisim\/","title":{"rendered":"\u0130leti\u015fim"},"content":{"rendered":"<div class=\"wpb-content-wrapper\"><p>[vc_row no_padding=&#8221;yes&#8221; css=&#8221;.vc_custom_1715068885744{background-image: url(https:\/\/sanas-legal.de\/wp-content\/uploads\/2024\/02\/sanasgruen2.jpg?id=993) !important;background-position: center !important;background-repeat: no-repeat !important;background-size: cover !important;}&#8221; el_class=&#8221;custom-page-header position-relative&#8221; conditional_render=&#8221;%5B%7B%22value_role%22%3A%22administrator%22%7D%5D&#8221;][vc_column]<div class=\"page-top page-header-7   wpb_custom_6fec1a9924963cd81f0ea4c97071ae31\"><style>.page-top { background: none; border-bottom: none; } .page-top .page-title:not(.b-none):after { display: none; }<\/style><div class=\"container\">\r\n\t<div class=\"row\">\r\n\t\t<div class=\"col-lg-12\">\r\n\t\t\t\t\t\t\t<div class=\"breadcrumbs-wrap text-center\">\r\n\t\t\t\t\t<ul class=\"breadcrumb\" itemscope itemtype=\"https:\/\/schema.org\/BreadcrumbList\"><li itemprop=\"itemListElement\" itemscope itemtype=\"https:\/\/schema.org\/ListItem\"><a itemprop=\"item\" href=\"https:\/\/sanas-legal.de\/tr\/\"><span itemprop=\"name\">Ev<\/span><\/a><meta itemprop=\"position\" content=\"1\" \/><i class=\"delimiter delimiter-2\"><\/i><\/li><\/ul>\t\t\t\t<\/div>\r\n\t\t\t\t\t\t<div class=\"text-center\">\r\n\t\t\t\t\t\t\t\t<h1 class=\"page-title\"><\/h1>\r\n\t\t\t\t\t\t\t<\/div>\r\n\t\t\t\t\t<\/div>\r\n\t<\/div>\r\n<\/div>\r\n<\/div>[\/vc_column][\/vc_row][vc_row][vc_column][vc_empty_space height=&#8221;82px&#8221;][\/vc_column][\/vc_row][vc_row wrap_container=&#8221;yes&#8221; css=&#8221;.vc_custom_1608515725089{background-color: #f7f7f7 !important;}&#8221; el_class=&#8221;position-relative&#8221;][vc_column el_class=&#8221;py-5 mt-5 mb-4 contact-info-wrapper&#8221; offset=&#8221;vc_col-md-7&#8243; conditional_render=&#8221;%5B%7B%22value_role%22%3A%22administrator%22%7D%5D&#8221;]<div class=\"porto-u-heading contact-info flex-1 m-r-lg  wpb_custom_95aa9a11c17ad45cfabaf210d84ee7cc porto-u-ad87e2eaf3f9c495180fe0156ddf3eb0 \" data-appear-animation=\"fadeInUp\" data-appear-animation-delay=\"300\"><div class=\"porto-u-main-heading\"><h2   style=\"margin-bottom: 32px;font-size:2em;line-height:42px;letter-spacing:-0.05em;\">\u0130leti\u015fim<\/h2><\/div><div class=\"porto-u-sub-heading\" style=\"\">\n<ul class=\"ps-0 list-unstyled\">\n<li data-appear-animation=\"fadeInUp\" data-appear-animation-delay=\"500\">\n<h3>Telefon<\/h3>\n<p><a href=\"+498918931340\">089 \/ 189 313 40<\/a><\/li>\n<li class=\"working-time\" data-appear-animation=\"fadeInUp\" data-appear-animation-delay=\"900\">\n<h3>\u00c7al\u0131\u015fma Saatleri<\/h3>\n<p>Pazartesi &#8211; Cuma: 09:00 &#8211; 17:45<\/li>\n<\/ul>\n<p><\/div><style>.porto-u-ad87e2eaf3f9c495180fe0156ddf3eb0.porto-u-heading{text-align:left}<\/style><\/div><div class=\"porto-u-heading contact-info flex-1  wpb_custom_95aa9a11c17ad45cfabaf210d84ee7cc porto-u-ad87e2eaf3f9c495180fe0156ddf3eb0 \" data-appear-animation=\"fadeInUp\" data-appear-animation-delay=\"1100\"><div class=\"porto-u-main-heading\"><h2   style=\"margin-bottom: 32px;font-size:2em;line-height:42px;letter-spacing:-0.05em;\">Adres<\/h2><\/div><div class=\"porto-u-sub-heading\" style=\"\">\n<ul class=\"ps-0 list-unstyled\">\n<li class=\"address\" data-appear-animation=\"fadeInUp\" data-appear-animation-delay=\"1300\">\n<h3>Adres<\/h3>\n<p>Goethestrasse 17<br \/>D-80336 M\u00fcnih<\/li>\n<li data-appear-animation=\"fadeInUp\" data-appear-animation-delay=\"1500\">\n<h3>E-posta<\/h3>\n<p><a class=\"text-decoration-underline\" href=\"mailto:info@sanas-legal.de\">info@sanas-legal.de<\/a><\/li>\n<\/ul>\n<p><\/div><style>.porto-u-ad87e2eaf3f9c495180fe0156ddf3eb0.porto-u-heading{text-align:left}<\/style><\/div>[\/vc_column][vc_column el_class=&#8221;pb-3 mb-5 pb-lg-0 mb-lg-0 google-map-wrapper&#8221; offset=&#8221;vc_col-md-5&#8243; conditional_render=&#8221;%5B%7B%22value_role%22%3A%22administrator%22%7D%5D&#8221;][vc_empty_space height=&#8221;40px&#8221;][vc_column_text css=&#8221;.vc_custom_1715064945123{margin-left: -100px !important;}&#8221;]<iframe loading=\"lazy\" style=\"border: 0;\" src=\"https:\/\/www.google.com\/maps\/embed?pb=!1m18!1m12!1m3!1d2662.6194137755515!2d11.556271276679512!3d48.13686247124341!2m3!1f0!2f0!3f0!3m2!1i1024!2i768!4f13.1!3m3!1m2!1s0x479e75f87b82efe9%3A0xf702440d70a6aedd!2sSanas%20Rechtsanw%C3%A4lte%20GbR!5e0!3m2!1sde!2sde!4v1715062996418!5m2!1sde!2sde\" width=\"100%\" height=\"350\" allowfullscreen=\"allowfullscreen\"><\/iframe>[\/vc_column_text][\/vc_column][\/vc_row][vc_row wrap_container=&#8221;yes&#8221; content_placement=&#8221;middle&#8221; disable_element=&#8221;yes&#8221; el_class=&#8221;py-5 my-5 faq-wrapper&#8221; conditional_render=&#8221;%5B%7B%22value_role%22%3A%22administrator%22%7D%5D&#8221;][vc_column offset=&#8221;vc_col-md-6&#8243; el_class=&#8221;mb-5 mb-lg-0&#8243;]<div class=\"porto-ultimate-content-box-container bg-primary p-5\"><style>.porto_ucb_21b6bf01188be9ba0119a2cb5c097588{will-change: box-shadow;box-shadow: none;}.porto_ucb_21b6bf01188be9ba0119a2cb5c097588:hover{box-shadow:none}<\/style><div class=\"porto-ultimate-content-box porto_ucb_21b6bf01188be9ba0119a2cb5c097588\" style=\"\">[vc_custom_heading text=&#8221;Sorular\u0131n\u0131z m\u0131 var?&#8221; font_container=&#8221;tag:h3|font_size:1.2em|text_align:left|line_height:24px&#8221; use_theme_fonts=&#8221;yes&#8221; text_transform=&#8221;text-uppercase&#8221; font_weight=&#8221;500&#8243; skin=&#8221;light&#8221; letter_spacing=&#8221;-0.05em&#8221; el_class=&#8221;opacity-8 mb-0&#8243;][vc_custom_heading text=&#8221;S\u0131k\u00e7a Sorulan Sorular&#8221; font_container=&#8221;tag:h2|font_size:2.5em|text_align:left|color:%23ffffff|line_height:42px&#8221; use_theme_fonts=&#8221;yes&#8221; text_transform=&#8221;text-capitalize&#8221; font_weight=&#8221;700&#8243; skin=&#8221;light&#8221; letter_spacing=&#8221;-0.05em&#8221; el_class=&#8221;pb-2 mb-4&#8243;]<div class=\"porto-faqs porto-faqsu90b wpb_content_element  mb-0\">\r\n\t<div class=\"page-faqs clearfix wpb_custom_7fe7ddf8f1a240d6488c8a8c41279112\" id=\"porto_faqs_0a8i\">\r\n\r\n\t\t\r\n\t\t\r\n\t\t<div class=\"faq-row faqs-container\">\r\n\t\t\t\r\n<div class=\"faq post-1292 type-faq status-publish hentry\">\r\n\t<section class=\"toggle\">\r\n\t\t<label>1- Neden Porto Law&#8217;u se\u00e7melisiniz?<\/label>\r\n\t\t<div class=\"toggle-content\">\r\n\t\t<h3 class=\"entry-title\" style=\"display: none;\">1- Neden Porto Law&#8217;u se\u00e7melisiniz?<\/h3><span class=\"vcard\" style=\"display: none;\"><span class=\"fn\"><a href=\"https:\/\/sanas-legal.de\/tr\/author\/dogan\/\" title=\"Dogan taraf\u0131ndan yaz\u0131lan yaz\u0131lar\" rel=\"author\">Dogan<\/a><\/span><\/span><span class=\"updated\" style=\"display:none\">2020-12-21T03:14:44+01:00<\/span>Cras a elit sit amet leo accumsan volutpat. Suspendisse hendrerit vehicula leo, vel efficitur felis ultrices non. Integer aliquet ullamcorper dolor, quis sollicitudin.  \t\t<\/div>\r\n\t<\/section>\r\n<\/div>\r\n\r\n<div class=\"faq post-1301 type-faq status-publish hentry\">\r\n\t<section class=\"toggle\">\r\n\t\t<label>2- Neden bir avukata ihtiyac\u0131n\u0131z var?<\/label>\r\n\t\t<div class=\"toggle-content\">\r\n\t\t<h3 class=\"entry-title\" style=\"display: none;\">2- Neden bir avukata ihtiyac\u0131n\u0131z var?<\/h3><span class=\"vcard\" style=\"display: none;\"><span class=\"fn\"><a href=\"https:\/\/sanas-legal.de\/tr\/author\/dogan\/\" title=\"Dogan taraf\u0131ndan yaz\u0131lan yaz\u0131lar\" rel=\"author\">Dogan<\/a><\/span><\/span><span class=\"updated\" style=\"display:none\">2020-12-21T03:13:56+01:00<\/span>Cras a elit sit amet leo accumsan volutpat. Suspendisse hendrerit vehicula leo, vel efficitur felis ultrices non. Integer aliquet ullamcorper dolor, quis sollicitudin.\t\t<\/div>\r\n\t<\/section>\r\n<\/div>\r\n\r\n<div class=\"faq post-1328 type-faq status-publish hentry\">\r\n\t<section class=\"toggle\">\r\n\t\t<label>3- Cras a elit sit amet leo accumsan volutpa?<\/label>\r\n\t\t<div class=\"toggle-content\">\r\n\t\t<h3 class=\"entry-title\" style=\"display: none;\">3- Cras a elit sit amet leo accumsan volutpa?<\/h3><span class=\"vcard\" style=\"display: none;\"><span class=\"fn\"><a href=\"https:\/\/sanas-legal.de\/tr\/author\/dogan\/\" title=\"Dogan taraf\u0131ndan yaz\u0131lan yaz\u0131lar\" rel=\"author\">Dogan<\/a><\/span><\/span><span class=\"updated\" style=\"display:none\">2020-12-21T03:12:53+01:00<\/span>Cras a elit sit amet leo accumsan volutpat. Suspendisse hendrerit vehicula leo, vel efficitur felis ultrices non. Integer aliquet ullamcorper dolor, quis sollicitudin.  \t\t<\/div>\r\n\t<\/section>\r\n<\/div>\r\n\r\n<div class=\"faq post-1351 type-faq status-publish hentry\">\r\n\t<section class=\"toggle\">\r\n\t\t<label>4- Integer aliquet ullamcorper dolor?<\/label>\r\n\t\t<div class=\"toggle-content\">\r\n\t\t<h3 class=\"entry-title\" style=\"display: none;\">4- Integer aliquet ullamcorper dolor?<\/h3><span class=\"vcard\" style=\"display: none;\"><span class=\"fn\"><a href=\"https:\/\/sanas-legal.de\/tr\/author\/dogan\/\" title=\"Dogan taraf\u0131ndan yaz\u0131lan yaz\u0131lar\" rel=\"author\">Dogan<\/a><\/span><\/span><span class=\"updated\" style=\"display:none\">2020-12-21T03:11:59+01:00<\/span>Cras a elit sit amet leo accumsan volutpat. Suspendisse hendrerit vehicula leo, vel efficitur felis ultrices non. Integer aliquet ullamcorper dolor, quis sollicitudin.  \t\t<\/div>\r\n\t<\/section>\r\n<\/div>\r\n\r\n<div class=\"faq post-1366 type-faq status-publish hentry\">\r\n\t<section class=\"toggle\">\r\n\t\t<label>5- Nihai ba\u015far\u0131 m\u00fcmk\u00fcn de\u011fil mi?<\/label>\r\n\t\t<div class=\"toggle-content\">\r\n\t\t<h3 class=\"entry-title\" style=\"display: none;\">5- Nihai ba\u015far\u0131 m\u00fcmk\u00fcn de\u011fil mi?<\/h3><span class=\"vcard\" style=\"display: none;\"><span class=\"fn\"><a href=\"https:\/\/sanas-legal.de\/tr\/author\/dogan\/\" title=\"Dogan taraf\u0131ndan yaz\u0131lan yaz\u0131lar\" rel=\"author\">Dogan<\/a><\/span><\/span><span class=\"updated\" style=\"display:none\">2020-12-21T03:10:06+01:00<\/span>Se\u00e7kin bir kitleye y\u00f6nelik, kapsaml\u0131 \u00e7\u00f6z\u00fcmler sunulur. Geli\u015fmi\u015f yakla\u015f\u0131mlar benimsenir, ancak her zaman nihai sonu\u00e7lar elde edilemez. Kapsaml\u0131 destek ve talepleriniz i\u00e7in haz\u0131r\u0131z.  \t\t<\/div>\r\n\t<\/section>\r\n<\/div>\r\n\r\n<div class=\"faq post-1368 type-faq status-publish hentry\">\r\n\t<section class=\"toggle\">\r\n\t\t<label>6- Efficitur sit a met non?<\/label>\r\n\t\t<div class=\"toggle-content\">\r\n\t\t<h3 class=\"entry-title\" style=\"display: none;\">6- Efficitur sit a met non?<\/h3><span class=\"vcard\" style=\"display: none;\"><span class=\"fn\"><a href=\"https:\/\/sanas-legal.de\/tr\/author\/dogan\/\" title=\"Dogan taraf\u0131ndan yaz\u0131lan yaz\u0131lar\" rel=\"author\">Dogan<\/a><\/span><\/span><span class=\"updated\" style=\"display:none\">2020-12-21T03:09:38+01:00<\/span>Cras a elit sit amet leo accumsan volutpat. Suspendisse hendrerit vehicula leo, vel efficitur felis ultrices non. Integer aliquet ullamcorper dolor, quis sollicitudin.  \t\t<\/div>\r\n\t<\/section>\r\n<\/div>\r\n\r\n<div class=\"faq post-1367 type-faq status-publish hentry\">\r\n\t<section class=\"toggle\">\r\n\t\t<label>7- Efficitur felis ultrices non dolor sit?<\/label>\r\n\t\t<div class=\"toggle-content\">\r\n\t\t<h3 class=\"entry-title\" style=\"display: none;\">7- Efficitur felis ultrices non dolor sit?<\/h3><span class=\"vcard\" style=\"display: none;\"><span class=\"fn\"><a href=\"https:\/\/sanas-legal.de\/tr\/author\/dogan\/\" title=\"Dogan taraf\u0131ndan yaz\u0131lan yaz\u0131lar\" rel=\"author\">Dogan<\/a><\/span><\/span><span class=\"updated\" style=\"display:none\">2020-12-21T03:08:49+01:00<\/span>Cras a elit sit amet leo accumsan volutpat. Suspendisse hendrerit vehicula leo, vel efficitur felis ultrices non. Integer aliquet ullamcorper dolor, quis sollicitudin.  \t\t<\/div>\r\n\t<\/section>\r\n<\/div>\r\n\t\t<\/div>\r\n\r\n\t\t\r\n\t<\/div>\r\n\r\n\t\r\n\t<\/div>[vc_btn title=&#8221;&#8221; style=&#8221;modern&#8221; i_icon_fontawesome=&#8221;fas fa-chevron-down&#8221; skin=&#8221;light&#8221; add_icon=&#8221;true&#8221; css=&#8221;.vc_custom_1608522478263{padding-top: 30px !important;}&#8221; el_class=&#8221;btn-faq-more mb-0&#8243;]<\/div><\/div>[\/vc_column][vc_column offset=&#8221;vc_col-lg-offset-1 vc_col-lg-5 vc_col-md-6&#8243;][vc_custom_heading text=&#8221;G\u00f6r\u00fc\u015felim&#8221; font_container=&#8221;tag:h3|font_size:1.2em|text_align:left|line_height:24px&#8221; use_theme_fonts=&#8221;yes&#8221; text_transform=&#8221;text-uppercase&#8221; font_weight=&#8221;500&#8243; skin=&#8221;primary&#8221; animation_delay=&#8221;400&#8243; el_class=&#8221;mb-0 align-lg-right&#8221; animation_type=&#8221;fadeInUp&#8221;][vc_custom_heading text=&#8221;Dan\u0131\u015fmanl\u0131k Talep Ediniz&#8221; font_container=&#8221;tag:h2|font_size:2.5em|text_align:left|line_height:42px&#8221; use_theme_fonts=&#8221;yes&#8221; text_transform=&#8221;text-capitalize&#8221; font_weight=&#8221;700&#8243; animation_delay=&#8221;600&#8243; el_class=&#8221;pb-2 mb-4 align-lg-right&#8221; animation_type=&#8221;fadeInUp&#8221;]<div class=\"porto-ultimate-content-box-container \" data-appear-animation=\"fadeInUp\" data-appear-animation-delay=\"800\"><style>.porto_ucb_21b6bf01188be9ba0119a2cb5c097588{will-change: box-shadow;box-shadow: none;}.porto_ucb_21b6bf01188be9ba0119a2cb5c097588:hover{box-shadow:none}<\/style><div class=\"porto-ultimate-content-box porto_ucb_21b6bf01188be9ba0119a2cb5c097588\" style=\"\">[contact-form-7 id=&#8221;285&#8243;]<\/div><\/div>[\/vc_column][\/vc_row][vc_row][vc_column][vc_empty_space height=&#8221;82px&#8221;][\/vc_column][\/vc_row]<\/p>\n<\/div>","protected":false},"excerpt":{"rendered":"<p>[vc_row no_padding=&#8221;yes&#8221; css=&#8221;.vc_custom_1715068885744{background-image: url(https:\/\/sanas-legal.de\/wp-content\/uploads\/2024\/02\/sanasgruen2.jpg?id=993) !important;background-position: center !important;background-repeat: no-repeat !important;background-size: cover !important;}&#8221; el_class=&#8221;custom-page-header position-relative&#8221; conditional_render=&#8221;%5B%7B%22value_role%22%3A%22administrator%22%7D%5D&#8221;][vc_column][\/vc_column][\/vc_row][vc_row][vc_column][vc_empty_space height=&#8221;82px&#8221;][\/vc_column][\/vc_row][vc_row wrap_container=&#8221;yes&#8221; css=&#8221;.vc_custom_1608515725089{background-color: #f7f7f7 !important;}&#8221; el_class=&#8221;position-relative&#8221;][vc_column el_class=&#8221;py-5 mt-5 mb-4 contact-info-wrapper&#8221; offset=&#8221;vc_col-md-7&#8243; conditional_render=&#8221;%5B%7B%22value_role%22%3A%22administrator%22%7D%5D&#8221;][\/vc_column][vc_column el_class=&#8221;pb-3 mb-5 pb-lg-0 mb-lg-0 google-map-wrapper&#8221; offset=&#8221;vc_col-md-5&#8243; conditional_render=&#8221;%5B%7B%22value_role%22%3A%22administrator%22%7D%5D&#8221;][vc_empty_space height=&#8221;40px&#8221;][vc_column_text css=&#8221;.vc_custom_1715064945123{margin-left: -100px !important;}&#8221;][\/vc_column_text][\/vc_column][\/vc_row][vc_row wrap_container=&#8221;yes&#8221; content_placement=&#8221;middle&#8221; disable_element=&#8221;yes&#8221; el_class=&#8221;py-5 my-5 faq-wrapper&#8221; conditional_render=&#8221;%5B%7B%22value_role%22%3A%22administrator%22%7D%5D&#8221;][vc_column offset=&#8221;vc_col-md-6&#8243; el_class=&#8221;mb-5 mb-lg-0&#8243;][\/vc_column][vc_column offset=&#8221;vc_col-lg-offset-1 vc_col-lg-5 vc_col-md-6&#8243;][vc_custom_heading text=&#8221;G\u00f6r\u00fc\u015felim&#8221; font_container=&#8221;tag:h3|font_size:1.2em|text_align:left|line_height:24px&#8221; use_theme_fonts=&#8221;yes&#8221; text_transform=&#8221;text-uppercase&#8221; font_weight=&#8221;500&#8243; [&hellip;]<\/p>\n","protected":false},"author":1,"featured_media":0,"parent":0,"menu_order":0,"comment_status":"closed","ping_status":"closed","template":"","meta":{"_acf_changed":false,"footnotes":""},"class_list":["post-1453","page","type-page","status-publish","hentry"],"acf":[],"_links":{"self":[{"href":"https:\/\/sanas-legal.de\/tr\/wp-json\/wp\/v2\/pages\/1453","targetHints":{"allow":["GET"]}}],"collection":[{"href":"https:\/\/sanas-legal.de\/tr\/wp-json\/wp\/v2\/pages"}],"about":[{"href":"https:\/\/sanas-legal.de\/tr\/wp-json\/wp\/v2\/types\/page"}],"author":[{"embeddable":true,"href":"https:\/\/sanas-legal.de\/tr\/wp-json\/wp\/v2\/users\/1"}],"replies":[{"embeddable":true,"href":"https:\/\/sanas-legal.de\/tr\/wp-json\/wp\/v2\/comments?post=1453"}],"version-history":[{"count":1,"href":"https:\/\/sanas-legal.de\/tr\/wp-json\/wp\/v2\/pages\/1453\/revisions"}],"predecessor-version":[{"id":1457,"href":"https:\/\/sanas-legal.de\/tr\/wp-json\/wp\/v2\/pages\/1453\/revisions\/1457"}],"wp:attachment":[{"href":"https:\/\/sanas-legal.de\/tr\/wp-json\/wp\/v2\/media?parent=1453"}],"curies":[{"name":"wp","href":"https:\/\/api.w.org\/{rel}","templated":true}]}}